{"id":99,"date":"2016-10-31T09:26:41","date_gmt":"2016-10-31T09:26:41","guid":{"rendered":"http:\/\/bruksforskola.org\/test\/?page_id=99"},"modified":"2022-11-27T19:26:50","modified_gmt":"2022-11-27T18:26:50","slug":"verksamhet","status":"publish","type":"page","link":"https:\/\/bruksforskola.org\/en\/verksamhet\/","title":{"rendered":"Operation"},"content":{"rendered":"<p>[et_pb_section fb_built=&#8221;1&#8243; _builder_version=&#8221;4.16&#8243; custom_padding=&#8221;3px|||||&#8221; global_colors_info=&#8221;{}&#8221;][et_pb_row _builder_version=&#8221;4.16&#8243; background_size=&#8221;initial&#8221; background_position=&#8221;top_left&#8221; background_repeat=&#8221;repeat&#8221; global_colors_info=&#8221;{}&#8221;][et_pb_column type=&#8221;4_4&#8243; _builder_version=&#8221;4.16&#8243; custom_padding=&#8221;|||&#8221; global_colors_info=&#8221;{}&#8221; custom_padding__hover=&#8221;|||&#8221;][et_pb_text _builder_version=&#8221;4.17.6&#8243; _module_preset=&#8221;default&#8221; text_font=&#8221;Rubik|700|||||||&#8221; text_text_color=&#8221;#AF0B00&#8243; text_font_size=&#8221;40px&#8221; text_orientation=&#8221;center&#8221; animation_style=&#8221;slide&#8221; animation_direction=&#8221;bottom&#8221; animation_intensity_slide=&#8221;1%&#8221; global_colors_info=&#8221;{}&#8221;]<\/p>\n<p>Verksamhet<\/p>\n<p>[\/et_pb_text][et_pb_divider _builder_version=&#8221;4.17.6&#8243; _module_preset=&#8221;default&#8221; custom_margin=&#8221;||9px|||&#8221; global_colors_info=&#8221;{}&#8221;][\/et_pb_divider][et_pb_text _builder_version=&#8221;4.19.1&#8243; background_size=&#8221;initial&#8221; background_position=&#8221;top_left&#8221; background_repeat=&#8221;repeat&#8221; custom_margin=&#8221;||23px|||&#8221; animation_style=&#8221;zoom&#8221; animation_intensity_zoom=&#8221;10%&#8221; hover_enabled=&#8221;0&#8243; global_colors_info=&#8221;{}&#8221; content_last_edited=&#8221;off|desktop&#8221; sticky_enabled=&#8221;0&#8243;]<\/p>\n<p><!-- divi:quote --><\/p>\n<blockquote class=\"wp-block-quote\">\n<p>&#8221;Utbildningen i f\u00f6rskolan ska l\u00e4gga grunden f\u00f6r ett livsl\u00e5ngt l\u00e4rande. Den ska vara rolig, trygg och l\u00e4rorik f\u00f6r alla barn. Utbildningen ska utg\u00e5 fr\u00e5n en helhetssyn p\u00e5 barn och barnens behov, d\u00e4r omsorg, utveckling och l\u00e4rande bildar en helhet. I samarbete med hemmen ska f\u00f6rskolan fr\u00e4mja barnens utveckling till aktiva, kreativa, kompetenta och ansvarsk\u00e4nnande m\u00e4nniskor och samh\u00e4llsmedlemmar.&#8221;<\/p>\n<p><cite>Lpf\u00f6 18<\/cite><\/p>\n<\/blockquote>\n<p><!-- \/divi:quote --><\/p>\n<p>[\/et_pb_text][et_pb_text _builder_version=&#8221;4.19.1&#8243; _module_preset=&#8221;default&#8221; animation_style=&#8221;zoom&#8221; animation_intensity_zoom=&#8221;10%&#8221; hover_enabled=&#8221;0&#8243; global_colors_info=&#8221;{}&#8221; sticky_enabled=&#8221;0&#8243;]<\/p>\n<div class=\"entry-content clearfix\">\n<p>Under en dag p\u00e5 f\u00f6rskolan f\u00e5r barnen utveckla spr\u00e5klig och matematisk medvetenhet i samtal med varandra och pedagogerna. Vi s\u00e4tter ord p\u00e5 vad vi g\u00f6r f\u00f6r att begrepp ska bli f\u00f6rankrade i vardagliga situationer. B\u00e5de i helgrupp och i sm\u00e5grupper sker st\u00e4ndigt aktiviteter d\u00e4r barnen erbjuds att arbeta med kreativa uttryckss\u00e4tt som r\u00f6relse, dans, drama, skapande, s\u00e5ng och musik.<\/p>\n<p>Vi erbjuder barnen utflykt en g\u00e5ng i veckan. D\u00e5 g\u00e5r vi bl.a. till skogen, lekparken eller biblioteket. Det kan ocks\u00e5 vara att \u00e5ka skridskor i Kopparhallen, att \u00e5ka l\u00e4ngdskidor eller att g\u00e5 p\u00e5 knattebio.<\/p>\n<p>En f\u00f6rmiddag i veckan jobbar vi i \u00e5ldersindelade grupper fr\u00e5n 1-5 \u00e5r fr\u00e5n b\u00e5da avdelningarna d\u00e4r undervisningen anpassas efter den aktuella mognadsniv\u00e5n f\u00f6r respektive grupp. Vi f\u00f6rdjupar oss i olika aktuella teman. Genom att kontinuerligt tr\u00e4ffas s\u00e5 l\u00e4r barnen k\u00e4nna varandra och de f\u00e5r tr\u00e4na p\u00e5 att samarbeta. H\u00e4r byggs en bra grund f\u00f6r kommande skolstart.<\/p>\n<p>F\u00f6rskolans verksamhet vilar p\u00e5 kristen v\u00e4rdegrund. Vi str\u00e4var efter att ge varje enskilt barn det barnet beh\u00f6ver, d\u00e4r de upplever varje dag p\u00e5 f\u00f6rskolan som den b\u00e4sta!<\/p>\n<\/div>\n<footer class=\"entry-meta-bar clearfix\">\n<div class=\"entry-meta clearfix\"><\/div>\n<\/footer>\n<p>[\/et_pb_text][et_pb_image src=&#8221;https:\/\/bruksforskola.org\/\/\/wp-content\/uploads\/2022\/07\/BF28-scaled.jpg&#8221; title_text=&#8221;Verksamhet&#8221; _builder_version=&#8221;4.17.6&#8243; _module_preset=&#8221;default&#8221; animation_style=&#8221;zoom&#8221; animation_intensity_zoom=&#8221;10%&#8221; border_radii=&#8221;on|10px|10px|10px|10px&#8221; global_colors_info=&#8221;{}&#8221;][\/et_pb_image][\/et_pb_column][\/et_pb_row][\/et_pb_section]<\/p>\n","protected":false},"excerpt":{"rendered":"<p>Verksamhet &#8221;Utbildningen i f\u00f6rskolan ska l\u00e4gga grunden f\u00f6r ett livsl\u00e5ngt l\u00e4rande. Den ska vara rolig, trygg och l\u00e4rorik f\u00f6r alla barn. Utbildningen ska utg\u00e5 fr\u00e5n en helhetssyn p\u00e5 barn och barnens behov, d\u00e4r omsorg, utveckling och l\u00e4rande bildar en helhet. I samarbete med hemmen ska f\u00f6rskolan fr\u00e4mja barnens utveckling till aktiva, kreativa, kompetenta och ansvarsk\u00e4nnande [&hellip;]<\/p>\n","protected":false},"author":1,"featured_media":16,"parent":0,"menu_order":0,"comment_status":"closed","ping_status":"closed","template":"","meta":{"_et_pb_use_builder":"on","_et_pb_old_content":"<!-- wp:quote -->\n<blockquote class=\"wp-block-quote\"><p>\u201dF\u00f6rskolan ska l\u00e4gga grunden f\u00f6r ett livsl\u00e5ngt l\u00e4rande. Verksamheten ska vara rolig, trygg och l\u00e4rorik f\u00f6r alla barn som deltar. F\u00f6rskolan ska stimulera barns utveckling och l\u00e4rande samt erbjuda en trygg omsorg\u201d<\/p><cite>Lpf\u00f6 98\/reviderad 2016<\/cite><\/blockquote>\n<!-- \/wp:quote -->","_et_gb_content_width":"","footnotes":""},"class_list":["post-99","page","type-page","status-publish","has-post-thumbnail","hentry"],"yoast_head":"<!-- This site is optimized with the Yoast SEO plugin v27.4 - https:\/\/yoast.com\/product\/yoast-seo-wordpress\/ -->\n<title>Verksamhet - Bruks F\u00f6rskola<\/title>\n<meta name=\"description\" content=\"Bruks F\u00f6rskola i Ursvikens officiella webbsida - Vi str\u00e4var efter att ge varje enskilt barn vad det barnet beh\u00f6ver\" \/>\n<meta name=\"robots\" content=\"index, follow, max-snippet:-1, max-image-preview:large, max-video-preview:-1\" \/>\n<link rel=\"canonical\" href=\"https:\/\/bruksforskola.org\/en\/verksamhet\/\" \/>\n<meta property=\"og:locale\" content=\"en_US\" \/>\n<meta property=\"og:type\" content=\"article\" \/>\n<meta property=\"og:title\" content=\"Verksamhet - Bruks F\u00f6rskola\" \/>\n<meta property=\"og:description\" content=\"Bruks F\u00f6rskola i Ursvikens officiella webbsida - Vi str\u00e4var efter att ge varje enskilt barn vad det barnet beh\u00f6ver\" \/>\n<meta property=\"og:url\" content=\"https:\/\/bruksforskola.org\/en\/verksamhet\/\" \/>\n<meta property=\"og:site_name\" content=\"Bruks F\u00f6rskola\" \/>\n<meta property=\"article:publisher\" content=\"https:\/\/www.facebook.com\/Bruks-Frskola-1665745783637465\/\" \/>\n<meta property=\"article:modified_time\" content=\"2022-11-27T18:26:50+00:00\" \/>\n<meta property=\"og:image\" content=\"https:\/\/bruksforskola.org\/wp-content\/uploads\/2016\/10\/om-skolan.jpg\" \/>\n\t<meta property=\"og:image:width\" content=\"1250\" \/>\n\t<meta property=\"og:image:height\" content=\"520\" \/>\n\t<meta property=\"og:image:type\" content=\"image\/jpeg\" \/>\n<meta name=\"twitter:card\" content=\"summary_large_image\" \/>\n<meta name=\"twitter:label1\" content=\"Est. reading time\" \/>\n\t<meta name=\"twitter:data1\" content=\"1 minute\" \/>\n<script type=\"application\/ld+json\" class=\"yoast-schema-graph\">{\"@context\":\"https:\\\/\\\/schema.org\",\"@graph\":[{\"@type\":\"WebPage\",\"@id\":\"https:\\\/\\\/bruksforskola.org\\\/verksamhet\\\/\",\"url\":\"https:\\\/\\\/bruksforskola.org\\\/verksamhet\\\/\",\"name\":\"Verksamhet - Bruks F\u00f6rskola\",\"isPartOf\":{\"@id\":\"https:\\\/\\\/bruksforskola.org\\\/#website\"},\"primaryImageOfPage\":{\"@id\":\"https:\\\/\\\/bruksforskola.org\\\/verksamhet\\\/#primaryimage\"},\"image\":{\"@id\":\"https:\\\/\\\/bruksforskola.org\\\/verksamhet\\\/#primaryimage\"},\"thumbnailUrl\":\"https:\\\/\\\/bruksforskola.org\\\/wp-content\\\/uploads\\\/2016\\\/10\\\/om-skolan.jpg\",\"datePublished\":\"2016-10-31T09:26:41+00:00\",\"dateModified\":\"2022-11-27T18:26:50+00:00\",\"description\":\"Bruks F\u00f6rskola i Ursvikens officiella webbsida - Vi str\u00e4var efter att ge varje enskilt barn vad det barnet beh\u00f6ver\",\"breadcrumb\":{\"@id\":\"https:\\\/\\\/bruksforskola.org\\\/verksamhet\\\/#breadcrumb\"},\"inLanguage\":\"en-US\",\"potentialAction\":[{\"@type\":\"ReadAction\",\"target\":[\"https:\\\/\\\/bruksforskola.org\\\/verksamhet\\\/\"]}]},{\"@type\":\"ImageObject\",\"inLanguage\":\"en-US\",\"@id\":\"https:\\\/\\\/bruksforskola.org\\\/verksamhet\\\/#primaryimage\",\"url\":\"https:\\\/\\\/bruksforskola.org\\\/wp-content\\\/uploads\\\/2016\\\/10\\\/om-skolan.jpg\",\"contentUrl\":\"https:\\\/\\\/bruksforskola.org\\\/wp-content\\\/uploads\\\/2016\\\/10\\\/om-skolan.jpg\",\"width\":1250,\"height\":520},{\"@type\":\"BreadcrumbList\",\"@id\":\"https:\\\/\\\/bruksforskola.org\\\/verksamhet\\\/#breadcrumb\",\"itemListElement\":[{\"@type\":\"ListItem\",\"position\":1,\"name\":\"Hem\",\"item\":\"https:\\\/\\\/bruksforskola.org\\\/\"},{\"@type\":\"ListItem\",\"position\":2,\"name\":\"Verksamhet\"}]},{\"@type\":\"WebSite\",\"@id\":\"https:\\\/\\\/bruksforskola.org\\\/#website\",\"url\":\"https:\\\/\\\/bruksforskola.org\\\/\",\"name\":\"Bruks F\u00f6rskola\",\"description\":\"\",\"publisher\":{\"@id\":\"https:\\\/\\\/bruksforskola.org\\\/#organization\"},\"potentialAction\":[{\"@type\":\"SearchAction\",\"target\":{\"@type\":\"EntryPoint\",\"urlTemplate\":\"https:\\\/\\\/bruksforskola.org\\\/?s={search_term_string}\"},\"query-input\":{\"@type\":\"PropertyValueSpecification\",\"valueRequired\":true,\"valueName\":\"search_term_string\"}}],\"inLanguage\":\"en-US\"},{\"@type\":\"Organization\",\"@id\":\"https:\\\/\\\/bruksforskola.org\\\/#organization\",\"name\":\"Bruks F\u00f6rskola\",\"url\":\"https:\\\/\\\/bruksforskola.org\\\/\",\"logo\":{\"@type\":\"ImageObject\",\"inLanguage\":\"en-US\",\"@id\":\"https:\\\/\\\/bruksforskola.org\\\/#\\\/schema\\\/logo\\\/image\\\/\",\"url\":\"https:\\\/\\\/bruksforskola.org\\\/\\\/\\\/wp-content\\\/uploads\\\/2022\\\/07\\\/Bruksfo\u0308rskola.png\",\"contentUrl\":\"https:\\\/\\\/bruksforskola.org\\\/\\\/\\\/wp-content\\\/uploads\\\/2022\\\/07\\\/Bruksfo\u0308rskola.png\",\"width\":4961,\"height\":889,\"caption\":\"Bruks F\u00f6rskola\"},\"image\":{\"@id\":\"https:\\\/\\\/bruksforskola.org\\\/#\\\/schema\\\/logo\\\/image\\\/\"},\"sameAs\":[\"https:\\\/\\\/www.facebook.com\\\/Bruks-Frskola-1665745783637465\\\/\",\"https:\\\/\\\/www.instagram.com\\\/bruksforskola\\\/\"]}]}<\/script>\n<!-- \/ Yoast SEO plugin. -->","yoast_head_json":{"title":"Activities - Bruks Preschool","description":"Bruks Preschool in Ursviken&#039;s official website - We strive to give each individual child what that child needs","robots":{"index":"index","follow":"follow","max-snippet":"max-snippet:-1","max-image-preview":"max-image-preview:large","max-video-preview":"max-video-preview:-1"},"canonical":"https:\/\/bruksforskola.org\/en\/verksamhet\/","og_locale":"en_US","og_type":"article","og_title":"Verksamhet - Bruks F\u00f6rskola","og_description":"Bruks F\u00f6rskola i Ursvikens officiella webbsida - Vi str\u00e4var efter att ge varje enskilt barn vad det barnet beh\u00f6ver","og_url":"https:\/\/bruksforskola.org\/en\/verksamhet\/","og_site_name":"Bruks F\u00f6rskola","article_publisher":"https:\/\/www.facebook.com\/Bruks-Frskola-1665745783637465\/","article_modified_time":"2022-11-27T18:26:50+00:00","og_image":[{"width":1250,"height":520,"url":"https:\/\/bruksforskola.org\/wp-content\/uploads\/2016\/10\/om-skolan.jpg","type":"image\/jpeg"}],"twitter_card":"summary_large_image","twitter_misc":{"Est. reading time":"1 minute"},"schema":{"@context":"https:\/\/schema.org","@graph":[{"@type":"WebPage","@id":"https:\/\/bruksforskola.org\/verksamhet\/","url":"https:\/\/bruksforskola.org\/verksamhet\/","name":"Activities - Bruks Preschool","isPartOf":{"@id":"https:\/\/bruksforskola.org\/#website"},"primaryImageOfPage":{"@id":"https:\/\/bruksforskola.org\/verksamhet\/#primaryimage"},"image":{"@id":"https:\/\/bruksforskola.org\/verksamhet\/#primaryimage"},"thumbnailUrl":"https:\/\/bruksforskola.org\/wp-content\/uploads\/2016\/10\/om-skolan.jpg","datePublished":"2016-10-31T09:26:41+00:00","dateModified":"2022-11-27T18:26:50+00:00","description":"Bruks Preschool in Ursviken&#039;s official website - We strive to give each individual child what that child needs","breadcrumb":{"@id":"https:\/\/bruksforskola.org\/verksamhet\/#breadcrumb"},"inLanguage":"en-US","potentialAction":[{"@type":"ReadAction","target":["https:\/\/bruksforskola.org\/verksamhet\/"]}]},{"@type":"ImageObject","inLanguage":"en-US","@id":"https:\/\/bruksforskola.org\/verksamhet\/#primaryimage","url":"https:\/\/bruksforskola.org\/wp-content\/uploads\/2016\/10\/om-skolan.jpg","contentUrl":"https:\/\/bruksforskola.org\/wp-content\/uploads\/2016\/10\/om-skolan.jpg","width":1250,"height":520},{"@type":"BreadcrumbList","@id":"https:\/\/bruksforskola.org\/verksamhet\/#breadcrumb","itemListElement":[{"@type":"ListItem","position":1,"name":"Hem","item":"https:\/\/bruksforskola.org\/"},{"@type":"ListItem","position":2,"name":"Verksamhet"}]},{"@type":"WebSite","@id":"https:\/\/bruksforskola.org\/#website","url":"https:\/\/bruksforskola.org\/","name":"Bruks Preschool","description":"","publisher":{"@id":"https:\/\/bruksforskola.org\/#organization"},"potentialAction":[{"@type":"SearchAction","target":{"@type":"EntryPoint","urlTemplate":"https:\/\/bruksforskola.org\/?s={search_term_string}"},"query-input":{"@type":"PropertyValueSpecification","valueRequired":true,"valueName":"search_term_string"}}],"inLanguage":"en-US"},{"@type":"Organization","@id":"https:\/\/bruksforskola.org\/#organization","name":"Bruks Preschool","url":"https:\/\/bruksforskola.org\/","logo":{"@type":"ImageObject","inLanguage":"en-US","@id":"https:\/\/bruksforskola.org\/#\/schema\/logo\/image\/","url":"https:\/\/bruksforskola.org\/\/\/wp-content\/uploads\/2022\/07\/Bruksfo\u0308rskola.png","contentUrl":"https:\/\/bruksforskola.org\/\/\/wp-content\/uploads\/2022\/07\/Bruksfo\u0308rskola.png","width":4961,"height":889,"caption":"Bruks F\u00f6rskola"},"image":{"@id":"https:\/\/bruksforskola.org\/#\/schema\/logo\/image\/"},"sameAs":["https:\/\/www.facebook.com\/Bruks-Frskola-1665745783637465\/","https:\/\/www.instagram.com\/bruksforskola\/"]}]}},"_links":{"self":[{"href":"https:\/\/bruksforskola.org\/en\/wp-json\/wp\/v2\/pages\/99","targetHints":{"allow":["GET"]}}],"collection":[{"href":"https:\/\/bruksforskola.org\/en\/wp-json\/wp\/v2\/pages"}],"about":[{"href":"https:\/\/bruksforskola.org\/en\/wp-json\/wp\/v2\/types\/page"}],"author":[{"embeddable":true,"href":"https:\/\/bruksforskola.org\/en\/wp-json\/wp\/v2\/users\/1"}],"replies":[{"embeddable":true,"href":"https:\/\/bruksforskola.org\/en\/wp-json\/wp\/v2\/comments?post=99"}],"version-history":[{"count":5,"href":"https:\/\/bruksforskola.org\/en\/wp-json\/wp\/v2\/pages\/99\/revisions"}],"predecessor-version":[{"id":492,"href":"https:\/\/bruksforskola.org\/en\/wp-json\/wp\/v2\/pages\/99\/revisions\/492"}],"wp:featuredmedia":[{"embeddable":true,"href":"https:\/\/bruksforskola.org\/en\/wp-json\/wp\/v2\/media\/16"}],"wp:attachment":[{"href":"https:\/\/bruksforskola.org\/en\/wp-json\/wp\/v2\/media?parent=99"}],"curies":[{"name":"wp","href":"https:\/\/api.w.org\/{rel}","templated":true}]}}