{"id":95,"date":"2016-10-31T09:24:12","date_gmt":"2016-10-31T09:24:12","guid":{"rendered":"http:\/\/bruksforskola.org\/test\/?page_id=95"},"modified":"2022-07-21T07:07:24","modified_gmt":"2022-07-21T07:07:24","slug":"vanliga-fragor-och-svar","status":"publish","type":"page","link":"https:\/\/bruksforskola.org\/en\/vanliga-fragor-och-svar\/","title":{"rendered":"Common questions and answers"},"content":{"rendered":"<p>[et_pb_section fb_built=&#8221;1&#8243; _builder_version=&#8221;4.17.6&#8243; _module_preset=&#8221;default&#8221; custom_padding=&#8221;4px|||||&#8221; global_colors_info=&#8221;{}&#8221;][et_pb_row _builder_version=&#8221;4.17.6&#8243; _module_preset=&#8221;default&#8221; global_colors_info=&#8221;{}&#8221;][et_pb_column type=&#8221;4_4&#8243; _builder_version=&#8221;4.17.6&#8243; _module_preset=&#8221;default&#8221; global_colors_info=&#8221;{}&#8221;][et_pb_text _builder_version=&#8221;4.17.6&#8243; _module_preset=&#8221;default&#8221; text_font=&#8221;Rubik|700|||||||&#8221; text_text_color=&#8221;#AF0B00&#8243; text_font_size=&#8221;40px&#8221; text_orientation=&#8221;center&#8221; animation_style=&#8221;slide&#8221; animation_direction=&#8221;bottom&#8221; animation_intensity_slide=&#8221;1%&#8221; text_line_height_tablet=&#8221;&#8221; text_line_height_phone=&#8221;1em&#8221; text_line_height_last_edited=&#8221;on|desktop&#8221; global_colors_info=&#8221;{}&#8221;]<\/p>\n<p>Vanliga fr\u00e5gor och svar<\/p>\n<p>[\/et_pb_text][et_pb_divider _builder_version=&#8221;4.17.6&#8243; _module_preset=&#8221;default&#8221; custom_margin=&#8221;||-29px|||&#8221; hover_enabled=&#8221;0&#8243; global_colors_info=&#8221;{}&#8221; sticky_enabled=&#8221;0&#8243;][\/et_pb_divider][\/et_pb_column][\/et_pb_row][et_pb_row _builder_version=&#8221;4.17.6&#8243; _module_preset=&#8221;default&#8221; global_colors_info=&#8221;{}&#8221;][et_pb_column type=&#8221;4_4&#8243; _builder_version=&#8221;4.17.6&#8243; _module_preset=&#8221;default&#8221; global_colors_info=&#8221;{}&#8221;][et_pb_accordion open_toggle_text_color=&#8221;#AF0B00&#8243; toggle_icon=&#8221;&#x3b;||divi||400&#8243; icon_color=&#8221;#AF0B00&#8243; _builder_version=&#8221;4.17.6&#8243; _module_preset=&#8221;default&#8221; toggle_font=&#8221;|600|||||||&#8221; animation_style=&#8221;zoom&#8221; animation_intensity_zoom=&#8221;10%&#8221; toggle_line_height_tablet=&#8221;&#8221; toggle_line_height_phone=&#8221;1.1em&#8221; toggle_line_height_last_edited=&#8221;on|desktop&#8221; border_radii=&#8221;on|10px|10px|10px|10px&#8221; border_width_all=&#8221;2px&#8221; border_color_all=&#8221;#AF0B00&#8243; global_colors_info=&#8221;{}&#8221;][et_pb_accordion_item title=&#8221;Vad \u00e4r en frif\u00f6rskola?&#8221; open=&#8221;on&#8221; _builder_version=&#8221;4.17.6&#8243; _module_preset=&#8221;default&#8221; global_colors_info=&#8221;{}&#8221;]<\/p>\n<p><span>En frif\u00f6rskola \u00e4r en frist\u00e5ende f\u00f6rskola som inte drivs av kommunen. Bruks f\u00f6rskola f\u00f6ljer l\u00e4roplanen, lagar och f\u00f6rordningar som g\u00e4ller f\u00f6r alla f\u00f6rskolor.<\/span><\/p>\n<p>[\/et_pb_accordion_item][et_pb_accordion_item title=&#8221;Vad skiljer oss fr\u00e5n andra f\u00f6rskolor?&#8221; _builder_version=&#8221;4.17.6&#8243; _module_preset=&#8221;default&#8221; global_colors_info=&#8221;{}&#8221; open=&#8221;off&#8221;]<\/p>\n<p><span>Bruks \u00e4r en frif\u00f6rskola med kristen v\u00e4rdegrund. Vi arbetar efter den \u201dgyllene regeln\u201d som s\u00e4ger att man behandlar andra som man sj\u00e4lv vill bli behandlad. Vi tar ocks\u00e5 emot mindre antal barn till barngruppen. Det g\u00f6r det l\u00e4ttare att uppm\u00e4rksamma barnet och dess behov. Idag har vi ca 30 barn f\u00f6rdelat i tv\u00e5 grupper.<\/span><\/p>\n<p>[\/et_pb_accordion_item][et_pb_accordion_item title=&#8221;M\u00e5ste jag vara troende f\u00f6r att ha mitt barn p\u00e5 f\u00f6rskolan?&#8221; _builder_version=&#8221;4.17.6&#8243; _module_preset=&#8221;default&#8221; global_colors_info=&#8221;{}&#8221; open=&#8221;off&#8221;]<\/p>\n<p><span>Nej, inte alls. Vi v\u00e4lkomnar alla oavsett bakgrund, v\u00e4rderingar och syns\u00e4tt.<\/span><\/p>\n<p>[\/et_pb_accordion_item][et_pb_accordion_item title=&#8221;Kostar det mer att ha mitt barn p\u00e5 Bruks F\u00f6rskola?&#8221; _builder_version=&#8221;4.17.6&#8243; _module_preset=&#8221;default&#8221; global_colors_info=&#8221;{}&#8221; open=&#8221;off&#8221;]<\/p>\n<p><span>Vi har samma taxa som de \u00f6vriga kommunala f\u00f6rskolorna.<\/span><\/p>\n<p>[\/et_pb_accordion_item][et_pb_accordion_item title=&#8221;Vad h\u00e4nder om Bruks F\u00f6rskola g\u00e5r med vinst?&#8221; _builder_version=&#8221;4.17.6&#8243; _module_preset=&#8221;default&#8221; global_colors_info=&#8221;{}&#8221; open=&#8221;off&#8221;]<\/p>\n<p><span>Det finns inget vinstintresse med Bruks f\u00f6rskola utan allt handlar om att erbjuda en f\u00f6rskola som ger barnen en bra start i livet. Om verksamheten skulle g\u00e5 med vinst \u00e5terinvesteras varenda krona i verksamheten.<\/span><\/p>\n<p>[\/et_pb_accordion_item][et_pb_accordion_item title=&#8221;Hur ans\u00f6ker jag?&#8221; _builder_version=&#8221;4.17.6&#8243; _module_preset=&#8221;default&#8221; global_colors_info=&#8221;{}&#8221; open=&#8221;off&#8221;]<\/p>\n<p><span>Du skickar in en <a href=\"https:\/\/bruksforskola.org\/\/\/intresseanmalan\/\">intresseanm\u00e4lan<\/a> via v\u00e5rt formul\u00e4r, sedan kontaktar vi dig. Intresseanm\u00e4lan \u00e4r inte bindande.<\/span><\/p>\n<p>[\/et_pb_accordion_item][et_pb_accordion_item title=&#8221;N\u00e4r ska jag ans\u00f6ka?&#8221; _builder_version=&#8221;4.17.6&#8243; _module_preset=&#8221;default&#8221; global_colors_info=&#8221;{}&#8221; open=&#8221;off&#8221;]<\/p>\n<p><span>F\u00f6r planeringens skull ser vi g\u00e4rna att du skickar in <a href=\"https:\/\/bruksforskola.org\/\/\/intresseanmalan\/\">ans\u00f6kan<\/a> s\u00e5 snart som m\u00f6jligt.<\/span><\/p>\n<p>[\/et_pb_accordion_item][\/et_pb_accordion][\/et_pb_column][\/et_pb_row][\/et_pb_section]<\/p>\n","protected":false},"excerpt":{"rendered":"<p>Vanliga fr\u00e5gor och svarEn frif\u00f6rskola \u00e4r en frist\u00e5ende f\u00f6rskola som inte drivs av kommunen. Bruks f\u00f6rskola f\u00f6ljer l\u00e4roplanen, lagar och f\u00f6rordningar som g\u00e4ller f\u00f6r alla f\u00f6rskolor.Bruks \u00e4r en frif\u00f6rskola med kristen v\u00e4rdegrund. Vi arbetar efter den \u201dgyllene regeln\u201d som s\u00e4ger att man behandlar andra som man sj\u00e4lv vill bli behandlad. Vi tar ocks\u00e5 emot mindre [&hellip;]<\/p>\n","protected":false},"author":1,"featured_media":16,"parent":0,"menu_order":0,"comment_status":"closed","ping_status":"closed","template":"","meta":{"_et_pb_use_builder":"on","_et_pb_old_content":"","_et_gb_content_width":"","footnotes":""},"class_list":["post-95","page","type-page","status-publish","has-post-thumbnail","hentry"],"yoast_head":"<!-- This site is optimized with the Yoast SEO plugin v27.4 - https:\/\/yoast.com\/product\/yoast-seo-wordpress\/ -->\n<title>Vanliga fr\u00e5gor och svar - Bruks F\u00f6rskola<\/title>\n<meta name=\"description\" content=\"Bruks F\u00f6rskola i Ursvikens officiella webbsida - H\u00e4r hittar du vanliga fr\u00e5gor som vad en frif\u00f6rskola \u00e4r eller hur du ans\u00f6ker och deras svar\" \/>\n<meta name=\"robots\" content=\"index, follow, max-snippet:-1, max-image-preview:large, max-video-preview:-1\" \/>\n<link rel=\"canonical\" href=\"https:\/\/bruksforskola.org\/en\/vanliga-fragor-och-svar\/\" \/>\n<meta property=\"og:locale\" content=\"en_US\" \/>\n<meta property=\"og:type\" content=\"article\" \/>\n<meta property=\"og:title\" content=\"Vanliga fr\u00e5gor och svar - Bruks F\u00f6rskola\" \/>\n<meta property=\"og:description\" content=\"Bruks F\u00f6rskola i Ursvikens officiella webbsida - H\u00e4r hittar du vanliga fr\u00e5gor som vad en frif\u00f6rskola \u00e4r eller hur du ans\u00f6ker och deras svar\" \/>\n<meta property=\"og:url\" content=\"https:\/\/bruksforskola.org\/en\/vanliga-fragor-och-svar\/\" \/>\n<meta property=\"og:site_name\" content=\"Bruks F\u00f6rskola\" \/>\n<meta property=\"article:publisher\" content=\"https:\/\/www.facebook.com\/Bruks-Frskola-1665745783637465\/\" \/>\n<meta property=\"article:modified_time\" content=\"2022-07-21T07:07:24+00:00\" \/>\n<meta property=\"og:image\" content=\"https:\/\/bruksforskola.org\/wp-content\/uploads\/2016\/10\/om-skolan.jpg\" \/>\n\t<meta property=\"og:image:width\" content=\"1250\" \/>\n\t<meta property=\"og:image:height\" content=\"520\" \/>\n\t<meta property=\"og:image:type\" content=\"image\/jpeg\" \/>\n<meta name=\"twitter:card\" content=\"summary_large_image\" \/>\n<meta name=\"twitter:label1\" content=\"Est. reading time\" \/>\n\t<meta name=\"twitter:data1\" content=\"2 minutes\" \/>\n<script type=\"application\/ld+json\" class=\"yoast-schema-graph\">{\"@context\":\"https:\\\/\\\/schema.org\",\"@graph\":[{\"@type\":\"WebPage\",\"@id\":\"https:\\\/\\\/bruksforskola.org\\\/en\\\/vanliga-fragor-och-svar\\\/\",\"url\":\"https:\\\/\\\/bruksforskola.org\\\/en\\\/vanliga-fragor-och-svar\\\/\",\"name\":\"Vanliga fr\u00e5gor och svar - Bruks F\u00f6rskola\",\"isPartOf\":{\"@id\":\"https:\\\/\\\/bruksforskola.org\\\/#website\"},\"primaryImageOfPage\":{\"@id\":\"https:\\\/\\\/bruksforskola.org\\\/en\\\/vanliga-fragor-och-svar\\\/#primaryimage\"},\"image\":{\"@id\":\"https:\\\/\\\/bruksforskola.org\\\/en\\\/vanliga-fragor-och-svar\\\/#primaryimage\"},\"thumbnailUrl\":\"https:\\\/\\\/bruksforskola.org\\\/wp-content\\\/uploads\\\/2016\\\/10\\\/om-skolan.jpg\",\"datePublished\":\"2016-10-31T09:24:12+00:00\",\"dateModified\":\"2022-07-21T07:07:24+00:00\",\"description\":\"Bruks F\u00f6rskola i Ursvikens officiella webbsida - H\u00e4r hittar du vanliga fr\u00e5gor som vad en frif\u00f6rskola \u00e4r eller hur du ans\u00f6ker och deras svar\",\"breadcrumb\":{\"@id\":\"https:\\\/\\\/bruksforskola.org\\\/en\\\/vanliga-fragor-och-svar\\\/#breadcrumb\"},\"inLanguage\":\"en-US\",\"potentialAction\":[{\"@type\":\"ReadAction\",\"target\":[\"https:\\\/\\\/bruksforskola.org\\\/en\\\/vanliga-fragor-och-svar\\\/\"]}]},{\"@type\":\"ImageObject\",\"inLanguage\":\"en-US\",\"@id\":\"https:\\\/\\\/bruksforskola.org\\\/en\\\/vanliga-fragor-och-svar\\\/#primaryimage\",\"url\":\"https:\\\/\\\/bruksforskola.org\\\/wp-content\\\/uploads\\\/2016\\\/10\\\/om-skolan.jpg\",\"contentUrl\":\"https:\\\/\\\/bruksforskola.org\\\/wp-content\\\/uploads\\\/2016\\\/10\\\/om-skolan.jpg\",\"width\":1250,\"height\":520},{\"@type\":\"BreadcrumbList\",\"@id\":\"https:\\\/\\\/bruksforskola.org\\\/en\\\/vanliga-fragor-och-svar\\\/#breadcrumb\",\"itemListElement\":[{\"@type\":\"ListItem\",\"position\":1,\"name\":\"Hem\",\"item\":\"https:\\\/\\\/bruksforskola.org\\\/\"},{\"@type\":\"ListItem\",\"position\":2,\"name\":\"Vanliga fr\u00e5gor och svar\"}]},{\"@type\":\"WebSite\",\"@id\":\"https:\\\/\\\/bruksforskola.org\\\/#website\",\"url\":\"https:\\\/\\\/bruksforskola.org\\\/\",\"name\":\"Bruks F\u00f6rskola\",\"description\":\"\",\"publisher\":{\"@id\":\"https:\\\/\\\/bruksforskola.org\\\/#organization\"},\"potentialAction\":[{\"@type\":\"SearchAction\",\"target\":{\"@type\":\"EntryPoint\",\"urlTemplate\":\"https:\\\/\\\/bruksforskola.org\\\/?s={search_term_string}\"},\"query-input\":{\"@type\":\"PropertyValueSpecification\",\"valueRequired\":true,\"valueName\":\"search_term_string\"}}],\"inLanguage\":\"en-US\"},{\"@type\":\"Organization\",\"@id\":\"https:\\\/\\\/bruksforskola.org\\\/#organization\",\"name\":\"Bruks F\u00f6rskola\",\"url\":\"https:\\\/\\\/bruksforskola.org\\\/\",\"logo\":{\"@type\":\"ImageObject\",\"inLanguage\":\"en-US\",\"@id\":\"https:\\\/\\\/bruksforskola.org\\\/#\\\/schema\\\/logo\\\/image\\\/\",\"url\":\"https:\\\/\\\/bruksforskola.org\\\/\\\/\\\/wp-content\\\/uploads\\\/2022\\\/07\\\/Bruksfo\u0308rskola.png\",\"contentUrl\":\"https:\\\/\\\/bruksforskola.org\\\/\\\/\\\/wp-content\\\/uploads\\\/2022\\\/07\\\/Bruksfo\u0308rskola.png\",\"width\":4961,\"height\":889,\"caption\":\"Bruks F\u00f6rskola\"},\"image\":{\"@id\":\"https:\\\/\\\/bruksforskola.org\\\/#\\\/schema\\\/logo\\\/image\\\/\"},\"sameAs\":[\"https:\\\/\\\/www.facebook.com\\\/Bruks-Frskola-1665745783637465\\\/\",\"https:\\\/\\\/www.instagram.com\\\/bruksforskola\\\/\"]}]}<\/script>\n<!-- \/ Yoast SEO plugin. -->","yoast_head_json":{"title":"Frequently asked questions and answers - Bruks Preschool","description":"Bruks F\u00f6rskola in Ursviken&#039;s official website - Here you will find frequently asked questions such as what a free preschool is or how to apply and their answers.","robots":{"index":"index","follow":"follow","max-snippet":"max-snippet:-1","max-image-preview":"max-image-preview:large","max-video-preview":"max-video-preview:-1"},"canonical":"https:\/\/bruksforskola.org\/en\/vanliga-fragor-och-svar\/","og_locale":"en_US","og_type":"article","og_title":"Vanliga fr\u00e5gor och svar - Bruks F\u00f6rskola","og_description":"Bruks F\u00f6rskola i Ursvikens officiella webbsida - H\u00e4r hittar du vanliga fr\u00e5gor som vad en frif\u00f6rskola \u00e4r eller hur du ans\u00f6ker och deras svar","og_url":"https:\/\/bruksforskola.org\/en\/vanliga-fragor-och-svar\/","og_site_name":"Bruks F\u00f6rskola","article_publisher":"https:\/\/www.facebook.com\/Bruks-Frskola-1665745783637465\/","article_modified_time":"2022-07-21T07:07:24+00:00","og_image":[{"width":1250,"height":520,"url":"https:\/\/bruksforskola.org\/wp-content\/uploads\/2016\/10\/om-skolan.jpg","type":"image\/jpeg"}],"twitter_card":"summary_large_image","twitter_misc":{"Est. reading time":"2 minutes"},"schema":{"@context":"https:\/\/schema.org","@graph":[{"@type":"WebPage","@id":"https:\/\/bruksforskola.org\/en\/vanliga-fragor-och-svar\/","url":"https:\/\/bruksforskola.org\/en\/vanliga-fragor-och-svar\/","name":"Frequently asked questions and answers - Bruks Preschool","isPartOf":{"@id":"https:\/\/bruksforskola.org\/#website"},"primaryImageOfPage":{"@id":"https:\/\/bruksforskola.org\/en\/vanliga-fragor-och-svar\/#primaryimage"},"image":{"@id":"https:\/\/bruksforskola.org\/en\/vanliga-fragor-och-svar\/#primaryimage"},"thumbnailUrl":"https:\/\/bruksforskola.org\/wp-content\/uploads\/2016\/10\/om-skolan.jpg","datePublished":"2016-10-31T09:24:12+00:00","dateModified":"2022-07-21T07:07:24+00:00","description":"Bruks F\u00f6rskola in Ursviken&#039;s official website - Here you will find frequently asked questions such as what a free preschool is or how to apply and their answers.","breadcrumb":{"@id":"https:\/\/bruksforskola.org\/en\/vanliga-fragor-och-svar\/#breadcrumb"},"inLanguage":"en-US","potentialAction":[{"@type":"ReadAction","target":["https:\/\/bruksforskola.org\/en\/vanliga-fragor-och-svar\/"]}]},{"@type":"ImageObject","inLanguage":"en-US","@id":"https:\/\/bruksforskola.org\/en\/vanliga-fragor-och-svar\/#primaryimage","url":"https:\/\/bruksforskola.org\/wp-content\/uploads\/2016\/10\/om-skolan.jpg","contentUrl":"https:\/\/bruksforskola.org\/wp-content\/uploads\/2016\/10\/om-skolan.jpg","width":1250,"height":520},{"@type":"BreadcrumbList","@id":"https:\/\/bruksforskola.org\/en\/vanliga-fragor-och-svar\/#breadcrumb","itemListElement":[{"@type":"ListItem","position":1,"name":"Hem","item":"https:\/\/bruksforskola.org\/"},{"@type":"ListItem","position":2,"name":"Vanliga fr\u00e5gor och svar"}]},{"@type":"WebSite","@id":"https:\/\/bruksforskola.org\/#website","url":"https:\/\/bruksforskola.org\/","name":"Bruks Preschool","description":"","publisher":{"@id":"https:\/\/bruksforskola.org\/#organization"},"potentialAction":[{"@type":"SearchAction","target":{"@type":"EntryPoint","urlTemplate":"https:\/\/bruksforskola.org\/?s={search_term_string}"},"query-input":{"@type":"PropertyValueSpecification","valueRequired":true,"valueName":"search_term_string"}}],"inLanguage":"en-US"},{"@type":"Organization","@id":"https:\/\/bruksforskola.org\/#organization","name":"Bruks Preschool","url":"https:\/\/bruksforskola.org\/","logo":{"@type":"ImageObject","inLanguage":"en-US","@id":"https:\/\/bruksforskola.org\/#\/schema\/logo\/image\/","url":"https:\/\/bruksforskola.org\/\/\/wp-content\/uploads\/2022\/07\/Bruksfo\u0308rskola.png","contentUrl":"https:\/\/bruksforskola.org\/\/\/wp-content\/uploads\/2022\/07\/Bruksfo\u0308rskola.png","width":4961,"height":889,"caption":"Bruks F\u00f6rskola"},"image":{"@id":"https:\/\/bruksforskola.org\/#\/schema\/logo\/image\/"},"sameAs":["https:\/\/www.facebook.com\/Bruks-Frskola-1665745783637465\/","https:\/\/www.instagram.com\/bruksforskola\/"]}]}},"_links":{"self":[{"href":"https:\/\/bruksforskola.org\/en\/wp-json\/wp\/v2\/pages\/95","targetHints":{"allow":["GET"]}}],"collection":[{"href":"https:\/\/bruksforskola.org\/en\/wp-json\/wp\/v2\/pages"}],"about":[{"href":"https:\/\/bruksforskola.org\/en\/wp-json\/wp\/v2\/types\/page"}],"author":[{"embeddable":true,"href":"https:\/\/bruksforskola.org\/en\/wp-json\/wp\/v2\/users\/1"}],"replies":[{"embeddable":true,"href":"https:\/\/bruksforskola.org\/en\/wp-json\/wp\/v2\/comments?post=95"}],"version-history":[{"count":5,"href":"https:\/\/bruksforskola.org\/en\/wp-json\/wp\/v2\/pages\/95\/revisions"}],"predecessor-version":[{"id":424,"href":"https:\/\/bruksforskola.org\/en\/wp-json\/wp\/v2\/pages\/95\/revisions\/424"}],"wp:featuredmedia":[{"embeddable":true,"href":"https:\/\/bruksforskola.org\/en\/wp-json\/wp\/v2\/media\/16"}],"wp:attachment":[{"href":"https:\/\/bruksforskola.org\/en\/wp-json\/wp\/v2\/media?parent=95"}],"curies":[{"name":"wp","href":"https:\/\/api.w.org\/{rel}","templated":true}]}}