{"id":21,"date":"2016-10-27T20:32:47","date_gmt":"2016-10-27T20:32:47","guid":{"rendered":"http:\/\/bruksforskola.org\/test\/?page_id=21"},"modified":"2024-05-08T14:23:59","modified_gmt":"2024-05-08T12:23:59","slug":"kontakt","status":"publish","type":"page","link":"https:\/\/bruksforskola.org\/en\/kontakt\/","title":{"rendered":"Contact"},"content":{"rendered":"<p>[et_pb_section fb_built=&#8221;1&#8243; _builder_version=&#8221;4.17.4&#8243; _module_preset=&#8221;default&#8221; custom_padding=&#8221;1px||0px|||&#8221; global_colors_info=&#8221;{}&#8221;][et_pb_row _builder_version=&#8221;4.17.4&#8243; _module_preset=&#8221;default&#8221; custom_padding=&#8221;||22px|||&#8221; global_colors_info=&#8221;{}&#8221;][et_pb_column type=&#8221;4_4&#8243; _builder_version=&#8221;4.17.4&#8243; _module_preset=&#8221;default&#8221; global_colors_info=&#8221;{}&#8221;][et_pb_text _builder_version=&#8221;4.17.6&#8243; _module_preset=&#8221;default&#8221; text_font=&#8221;Rubik|700|||||||&#8221; text_text_color=&#8221;#AF0B00&#8243; text_font_size=&#8221;40px&#8221; text_orientation=&#8221;center&#8221; animation_style=&#8221;slide&#8221; animation_direction=&#8221;bottom&#8221; animation_intensity_slide=&#8221;1%&#8221; global_colors_info=&#8221;{}&#8221;]<\/p>\n<p>Kontakt<\/p>\n<p>[\/et_pb_text][et_pb_divider _builder_version=&#8221;4.17.4&#8243; _module_preset=&#8221;3a1d8e6e-b417-43b2-a007-2bff105fd609&#8243; custom_margin=&#8221;||-26px|||&#8221; global_colors_info=&#8221;{}&#8221;][\/et_pb_divider][\/et_pb_column][\/et_pb_row][et_pb_row column_structure=&#8221;1_2,1_2&#8243; _builder_version=&#8221;4.17.4&#8243; _module_preset=&#8221;default&#8221; global_colors_info=&#8221;{}&#8221;][et_pb_column type=&#8221;1_2&#8243; _builder_version=&#8221;4.17.4&#8243; _module_preset=&#8221;default&#8221; global_colors_info=&#8221;{}&#8221;][et_pb_blurb title=&#8221;Adress&#8221; use_icon=&#8221;on&#8221; font_icon=&#8221;&#xf015;||fa||900&#8243; icon_color=&#8221;#000000&#8243; icon_placement=&#8221;left&#8221; image_icon_width=&#8221;30px&#8221; content_tablet=&#8221;<\/p>\n<p><span>Mekanv\u00e4gen 33,<br \/><\/span><span>932 37 Ursviken<\/span><\/p>\n<p>&#8221; content_phone=&#8221;<\/p>\n<p><span>Mekanv\u00e4gen 33,<br \/><\/span><span>932 37 Ursviken<\/span><\/p>\n<p>&#8221; content_last_edited=&#8221;on|desktop&#8221; _builder_version=&#8221;4.17.6&#8243; _module_preset=&#8221;cce27d5f-4422-4514-b12f-25139ff1eaa1&#8243; header_text_color=&#8221;#FFFFFF&#8221; body_font=&#8221;Rubik||||||||&#8221; body_text_color=&#8221;#FFFFFF&#8221; background_color=&#8221;#AF0B00&#8243; image_icon_custom_margin=&#8221;20px||0px||false|false&#8221; image_icon_custom_margin_tablet=&#8221;20px||0px||false|false&#8221; image_icon_custom_margin_phone=&#8221;20px||0px||false|false&#8221; image_icon_custom_margin_last_edited=&#8221;on|phone&#8221; custom_margin=&#8221;||||false&#8221; custom_padding=&#8221;10px|10px|10px|10px|true|true&#8221; border_radii=&#8221;on|10px|10px|10px|10px&#8221; border_width_all=&#8221;3px&#8221; border_color_all=&#8221;#AF0B00&#8243; border_color_all_image=&#8221;#c6c6c6&#8243; global_colors_info=&#8221;{}&#8221;]<\/p>\n<p><span>Mekanv\u00e4gen 33,<br \/><\/span><span>932 37 Ursviken<\/span><\/p>\n<p>[\/et_pb_blurb][et_pb_blurb title=&#8221;Telefon&#8221; use_icon=&#8221;on&#8221; font_icon=&#8221;&#xe090;||divi||400&#8243; icon_color=&#8221;#000000&#8243; icon_placement=&#8221;left&#8221; image_icon_width=&#8221;30px&#8221; content_tablet=&#8221;<\/p>\n<p>Lingon 076-007 78 12<br \/>Bl\u00e5b\u00e4r 076-030 35 04<\/p>\n<p>&#8221; content_phone=&#8221;<\/p>\n<p>Lingon 076-007 78 12<br \/>Bl\u00e5b\u00e4r 076-030 35 04<\/p>\n<p>&#8221; content_last_edited=&#8221;on|desktop&#8221; _builder_version=&#8221;4.17.6&#8243; _module_preset=&#8221;cce27d5f-4422-4514-b12f-25139ff1eaa1&#8243; header_text_color=&#8221;#FFFFFF&#8221; body_font=&#8221;Rubik||||||||&#8221; body_text_color=&#8221;#FFFFFF&#8221; background_color=&#8221;#AF0B00&#8243; image_icon_custom_margin=&#8221;20px||||false|false&#8221; image_icon_custom_margin_tablet=&#8221;20px||||false|false&#8221; image_icon_custom_margin_phone=&#8221;20px||||false|false&#8221; image_icon_custom_margin_last_edited=&#8221;on|desktop&#8221; custom_margin=&#8221;||||false&#8221; custom_padding=&#8221;10px|10px|10px|10px|true|true&#8221; body_text_color_tablet=&#8221;#FFFFFF&#8221; body_text_color_phone=&#8221;#FFFFFF&#8221; body_text_color_last_edited=&#8221;on|phone&#8221; body_link_text_color_tablet=&#8221;&#8221; body_link_text_color_phone=&#8221;#FFFFFF&#8221; body_link_text_color_last_edited=&#8221;on|phone&#8221; border_radii=&#8221;on|10px|10px|10px|10px&#8221; border_width_all=&#8221;3px&#8221; border_color_all=&#8221;#AF0B00&#8243; global_colors_info=&#8221;{}&#8221; body_link_text_color__hover_enabled=&#8221;off|desktop&#8221;]<\/p>\n<p>Lingon 076-007 78 12<br \/>Bl\u00e5b\u00e4r 076-030 35 04<\/p>\n<p>[\/et_pb_blurb][et_pb_blurb title=&#8221;Mail&#8221; use_icon=&#8221;on&#8221; font_icon=&#8221;&#xe010;||divi||400&#8243; icon_color=&#8221;#000000&#8243; icon_placement=&#8221;left&#8221; image_icon_width=&#8221;30px&#8221; content_tablet=&#8221;<\/p>\n<p><a href=%22mailto:info@bjorkskolan.se%22>info@bjorkskolan.se<\/a><\/p>\n<p>&#8221; content_phone=&#8221;<\/p>\n<p><a href=%22mailto:info@bjorkskolan.se%22>info@bjorkskolan.se<\/a><\/p>\n<p>&#8221; content_last_edited=&#8221;on|desktop&#8221; _builder_version=&#8221;4.17.6&#8243; _module_preset=&#8221;cce27d5f-4422-4514-b12f-25139ff1eaa1&#8243; header_text_color=&#8221;#FFFFFF&#8221; body_font=&#8221;Rubik||||||||&#8221; body_text_color=&#8221;#FFFFFF&#8221; body_link_text_color=&#8221;#FFFFFF&#8221; background_color=&#8221;#AF0B00&#8243; image_icon_custom_margin=&#8221;10px||||false|false&#8221; image_icon_custom_margin_tablet=&#8221;10px||||false|false&#8221; image_icon_custom_margin_phone=&#8221;10px||||false|false&#8221; image_icon_custom_margin_last_edited=&#8221;on|desktop&#8221; custom_margin=&#8221;||||false&#8221; custom_padding=&#8221;10px|10px|10px|10px|true|true&#8221; body_link_font_last_edited=&#8221;off|desktop&#8221; border_radii=&#8221;on|10px|10px|10px|10px&#8221; border_width_all=&#8221;3px&#8221; border_color_all=&#8221;#AF0B00&#8243; global_colors_info=&#8221;{}&#8221; title__hover_enabled=&#8221;on|desktop&#8221; content__hover_enabled=&#8221;on|desktop&#8221; content__hover=&#8221;<\/p>\n<p><span style=%22text-decoration: underline;%22><a href=%22mailto:info@bjorkskolan.se%22>info@bjorkskolan.se<\/a><\/span><\/p>\n<p>&#8221; title__hover=&#8221;Mail&#8221;]<\/p>\n<p><a href=\"mailto:info@bjorkskolan.se\">info@bjorkskolan.se<\/a><\/p>\n<p>[\/et_pb_blurb][\/et_pb_column][et_pb_column type=&#8221;1_2&#8243; _builder_version=&#8221;4.17.4&#8243; _module_preset=&#8221;default&#8221; global_colors_info=&#8221;{}&#8221;][et_pb_image src=&#8221;https:\/\/bruksforskola.org\/\/\/wp-content\/uploads\/2022\/10\/Sto\u0308rre-bruksf-scaled.jpg&#8221; title_text=&#8221;Bruks F\u00f6rskola&#8221; src_tablet=&#8221;https:\/\/bruksforskola.org\/\/\/wp-content\/uploads\/2022\/10\/Sto\u0308rre-bruksf-scaled.jpg&#8221; src_phone=&#8221;https:\/\/bruksforskola.org\/\/\/wp-content\/uploads\/2022\/10\/Sto\u0308rre-bruksf-scaled.jpg&#8221; src_last_edited=&#8221;on|desktop&#8221; _builder_version=&#8221;4.18.0&#8243; _module_preset=&#8221;58f2aa1a-f863-4f0c-8be9-0c688e537a1a&#8221; border_radii=&#8221;on|10px|10px|10px|10px&#8221; global_colors_info=&#8221;{}&#8221;][\/et_pb_image][\/et_pb_column][\/et_pb_row][et_pb_row _builder_version=&#8221;4.17.4&#8243; _module_preset=&#8221;default&#8221; custom_padding=&#8221;0px||0px|||&#8221; global_colors_info=&#8221;{}&#8221;][et_pb_column type=&#8221;4_4&#8243; _builder_version=&#8221;4.17.4&#8243; _module_preset=&#8221;default&#8221; global_colors_info=&#8221;{}&#8221;][et_pb_text _builder_version=&#8221;4.17.4&#8243; _module_preset=&#8221;default&#8221; text_font=&#8221;Rubik|600|||||||&#8221; text_text_color=&#8221;#000000&#8243; text_font_size=&#8221;18px&#8221; text_orientation=&#8221;center&#8221; custom_margin=&#8221;||3px|||&#8221; custom_padding=&#8221;||14px|||&#8221; animation_style=&#8221;zoom&#8221; animation_intensity_zoom=&#8221;10%&#8221; global_colors_info=&#8221;{}&#8221;]<\/p>\n<p>Du hittar oss \u00e4ven h\u00e4r:<\/p>\n<p>[\/et_pb_text][et_pb_social_media_follow use_icon_font_size=&#8221;on&#8221; icon_font_size=&#8221;28px&#8221; _builder_version=&#8221;4.17.6&#8243; _module_preset=&#8221;default&#8221; background_enable_color=&#8221;off&#8221; text_orientation=&#8221;center&#8221; min_height=&#8221;98px&#8221; custom_margin=&#8221;0px|||||&#8221; animation_style=&#8221;zoom&#8221; animation_intensity_zoom=&#8221;10%&#8221; border_radii=&#8221;on|10px|10px|10px|10px&#8221; global_colors_info=&#8221;{}&#8221;][et_pb_social_media_follow_network social_network=&#8221;facebook&#8221; url=&#8221;https:\/\/www.facebook.com\/Bruks-F%C3%B6rskola-1665745783637465\/&#8221; _builder_version=&#8221;4.17.6&#8243; _module_preset=&#8221;default&#8221; background_color=&#8221;#3b5998&#8243; global_colors_info=&#8221;{}&#8221; follow_button=&#8221;off&#8221; url_new_window=&#8221;on&#8221;]facebook[\/et_pb_social_media_follow_network][et_pb_social_media_follow_network social_network=&#8221;instagram&#8221; url=&#8221;https:\/\/www.instagram.com\/bruksforskola\/&#8221; use_icon_font_size=&#8221;on&#8221; _builder_version=&#8221;4.17.6&#8243; _module_preset=&#8221;default&#8221; background_color=&#8221;#ce3d27&#8243; background_enable_color=&#8221;on&#8221; global_colors_info=&#8221;{}&#8221; follow_button=&#8221;off&#8221; url_new_window=&#8221;on&#8221;]instagram[\/et_pb_social_media_follow_network][\/et_pb_social_media_follow][\/et_pb_column][\/et_pb_row][\/et_pb_section][et_pb_section fb_built=&#8221;1&#8243; fullwidth=&#8221;on&#8221; _builder_version=&#8221;4.21.0&#8243; _module_preset=&#8221;default&#8221; global_colors_info=&#8221;{}&#8221;][et_pb_fullwidth_map address=&#8221;Mekanv\u00e4gen 33, 932 37 Ursviken, Sverige&#8221; zoom_level=&#8221;15&#8243; address_lat=&#8221;64.7128069&#8243; address_lng=&#8221;21.14994&#8243; _builder_version=&#8221;4.21.0&#8243; _module_preset=&#8221;default&#8221; hover_enabled=&#8221;0&#8243; global_colors_info=&#8221;{}&#8221; sticky_enabled=&#8221;0&#8243;][et_pb_map_pin title=&#8221;Bruks f\u00f6rskola&#8221; pin_address=&#8221;Mekanv\u00e4gen 33, 932 37 Ursviken, Sverige&#8221; pin_address_lat=&#8221;64.7128069&#8243; pin_address_lng=&#8221;21.14994&#8243; _builder_version=&#8221;4.21.0&#8243; _module_preset=&#8221;default&#8221; global_colors_info=&#8221;{}&#8221; hover_enabled=&#8221;0&#8243; sticky_enabled=&#8221;0&#8243;][\/et_pb_map_pin][\/et_pb_fullwidth_map][\/et_pb_section][et_pb_section fb_built=&#8221;1&#8243; fullwidth=&#8221;on&#8221; _builder_version=&#8221;4.17.4&#8243; _module_preset=&#8221;default&#8221; global_colors_info=&#8221;{}&#8221;][et_pb_fullwidth_code raw_content_tablet=&#8221;<iframe src=%22https:\/\/www.google.com\/maps\/embed?pb=!1m18!1m12!1m3!1d1704.2841366323578!2d21.147804916005168!3d64.71264457531167!2m3!1f0!2f0!3f0!3m2!1i1024!2i768!4f13.1!3m3!1m2!1s0x467e93268428b2b9%3A0x95a81d9df49af477!2sBruks%20f%C3%B6rskola!5e0!3m2!1ssv!2sse!4v1658392943385!5m2!1ssv!2sse%22 width=%221450%22 height=%22400%22 style=%22border:0;%22 allowfullscreen=%22%22 loading=%22lazy%22 referrerpolicy=%22no-referrer-when-downgrade%22><\/iframe>&#8221; raw_content_phone=&#8221;<iframe src=%22https:\/\/www.google.com\/maps\/embed?pb=!1m18!1m12!1m3!1d1704.2841366323578!2d21.147804916005168!3d64.71264457531167!2m3!1f0!2f0!3f0!3m2!1i1024!2i768!4f13.1!3m3!1m2!1s0x467e93268428b2b9%3A0x95a81d9df49af477!2sBruks%20f%C3%B6rskola!5e0!3m2!1ssv!2sse!4v1658392943385!5m2!1ssv!2sse%22 width=%221450%22 height=%22300%22 style=%22border:0;%22 allowfullscreen=%22%22 loading=%22lazy%22 referrerpolicy=%22no-referrer-when-downgrade%22><\/iframe>&#8221; raw_content_last_edited=&#8221;on|desktop&#8221; disabled_on=&#8221;on|on|on&#8221; _builder_version=&#8221;4.21.0&#8243; _module_preset=&#8221;default&#8221; custom_padding=&#8221;||0px|||&#8221; custom_css_main_element=&#8221;line-height:0 !important;&#8221; disabled=&#8221;on&#8221; global_colors_info=&#8221;{}&#8221;]<iframe src=\"https:\/\/www.google.com\/maps\/embed?pb=!1m18!1m12!1m3!1d1704.2841366323578!2d21.147804916005168!3d64.71264457531167!2m3!1f0!2f0!3f0!3m2!1i1024!2i768!4f13.1!3m3!1m2!1s0x467e93268428b2b9%3A0x95a81d9df49af477!2sBruks%20f%C3%B6rskola!5e0!3m2!1ssv!2sse!4v1658392943385!5m2!1ssv!2sse\" width=\"100%\" height=\"500\" style=\"border:0;\" allowfullscreen=\"\" loading=\"lazy\" referrerpolicy=\"no-referrer-when-downgrade\"><\/iframe>[\/et_pb_fullwidth_code][\/et_pb_section]<\/p>\n","protected":false},"excerpt":{"rendered":"<p>ContactMekanv\u00e4gen 33,932 37 UrsvikenLingon 076-007 78 12Bl\u00e5b\u00e4r 076-030 35 04info@bjorkskolan.seYou can also find us here:<\/p>","protected":false},"author":1,"featured_media":473,"parent":0,"menu_order":0,"comment_status":"closed","ping_status":"closed","template":"","meta":{"_et_pb_use_builder":"on","_et_pb_old_content":"<iframe style=\"border: 0;\" src=\"https:\/\/www.google.com\/maps\/embed?pb=!1m18!1m12!1m3!1d1704.2713803643885!2d21.147733616157222!3d64.7128471752945!2m3!1f0!2f0!3f0!3m2!1i1024!2i768!4f13.1!3m3!1m2!1s0x467e932680e07cf5%3A0x2bcc0decac431ba2!2sBruksskolan!5e0!3m2!1sen!2sse!4v1479914072029\" width=\"100%\" height=\"400\" frameborder=\"0\" allowfullscreen=\"allowfullscreen\"><\/iframe>\r\n<strong>Bruks f\u00f6rskola<\/strong>\r\nAdress Mekanv\u00e4gen 33,\r\n932 37 Ursviken\r\n\r\nLingon 076-007 78 12\r\n\r\nBl\u00e5b\u00e4r 076-030 35 04\r\n\r\n&nbsp;\r\n\r\nE-post info@bjorkskolan.se\r\n<h1 class=\"western\"><\/h1>\r\n<pre><code>[woothemes_our_team limit=\"10\" size=\"180\" per_row=\"2\"]<\/code><\/pre>","_et_gb_content_width":"","footnotes":""},"class_list":["post-21","page","type-page","status-publish","has-post-thumbnail","hentry"],"yoast_head":"<!-- This site is optimized with the Yoast SEO plugin v27.4 - https:\/\/yoast.com\/product\/yoast-seo-wordpress\/ -->\n<title>Kontakt - Bruks F\u00f6rskola<\/title>\n<meta name=\"description\" content=\"Bruks F\u00f6rskola i Ursvikens officiella webbsida - Du hittar oss p\u00e5 Mekanv\u00e4gen 33 och n\u00e5r oss via 076-007 78 12 lingon och 076-030 35 04 bl\u00e5b\u00e4r\" \/>\n<meta name=\"robots\" content=\"index, follow, max-snippet:-1, max-image-preview:large, max-video-preview:-1\" \/>\n<link rel=\"canonical\" href=\"https:\/\/bruksforskola.org\/en\/kontakt\/\" \/>\n<meta property=\"og:locale\" content=\"en_US\" \/>\n<meta property=\"og:type\" content=\"article\" \/>\n<meta property=\"og:title\" content=\"Kontakt - Bruks F\u00f6rskola\" \/>\n<meta property=\"og:description\" content=\"Bruks F\u00f6rskola i Ursvikens officiella webbsida - Du hittar oss p\u00e5 Mekanv\u00e4gen 33 och n\u00e5r oss via 076-007 78 12 lingon och 076-030 35 04 bl\u00e5b\u00e4r\" \/>\n<meta property=\"og:url\" content=\"https:\/\/bruksforskola.org\/en\/kontakt\/\" \/>\n<meta property=\"og:site_name\" content=\"Bruks F\u00f6rskola\" \/>\n<meta property=\"article:publisher\" content=\"https:\/\/www.facebook.com\/Bruks-Frskola-1665745783637465\/\" \/>\n<meta property=\"article:modified_time\" content=\"2024-05-08T12:23:59+00:00\" \/>\n<meta property=\"og:image\" content=\"https:\/\/bruksforskola.org\/wp-content\/uploads\/2022\/09\/Bruksfo\u0308rskolan-ljusare-scaled.jpg\" \/>\n\t<meta property=\"og:image:width\" content=\"2560\" \/>\n\t<meta property=\"og:image:height\" content=\"1707\" \/>\n\t<meta property=\"og:image:type\" content=\"image\/jpeg\" \/>\n<meta name=\"twitter:card\" content=\"summary_large_image\" \/>\n<meta name=\"twitter:label1\" content=\"Est. reading time\" \/>\n\t<meta name=\"twitter:data1\" content=\"2 minutes\" \/>\n<script type=\"application\/ld+json\" class=\"yoast-schema-graph\">{\"@context\":\"https:\\\/\\\/schema.org\",\"@graph\":[{\"@type\":\"WebPage\",\"@id\":\"https:\\\/\\\/bruksforskola.org\\\/kontakt\\\/\",\"url\":\"https:\\\/\\\/bruksforskola.org\\\/kontakt\\\/\",\"name\":\"Kontakt - Bruks F\u00f6rskola\",\"isPartOf\":{\"@id\":\"https:\\\/\\\/bruksforskola.org\\\/#website\"},\"primaryImageOfPage\":{\"@id\":\"https:\\\/\\\/bruksforskola.org\\\/kontakt\\\/#primaryimage\"},\"image\":{\"@id\":\"https:\\\/\\\/bruksforskola.org\\\/kontakt\\\/#primaryimage\"},\"thumbnailUrl\":\"https:\\\/\\\/bruksforskola.org\\\/wp-content\\\/uploads\\\/2022\\\/09\\\/Bruksfo\u0308rskolan-ljusare-scaled.jpg\",\"datePublished\":\"2016-10-27T20:32:47+00:00\",\"dateModified\":\"2024-05-08T12:23:59+00:00\",\"description\":\"Bruks F\u00f6rskola i Ursvikens officiella webbsida - Du hittar oss p\u00e5 Mekanv\u00e4gen 33 och n\u00e5r oss via 076-007 78 12 lingon och 076-030 35 04 bl\u00e5b\u00e4r\",\"breadcrumb\":{\"@id\":\"https:\\\/\\\/bruksforskola.org\\\/kontakt\\\/#breadcrumb\"},\"inLanguage\":\"en-US\",\"potentialAction\":[{\"@type\":\"ReadAction\",\"target\":[\"https:\\\/\\\/bruksforskola.org\\\/kontakt\\\/\"]}]},{\"@type\":\"ImageObject\",\"inLanguage\":\"en-US\",\"@id\":\"https:\\\/\\\/bruksforskola.org\\\/kontakt\\\/#primaryimage\",\"url\":\"https:\\\/\\\/bruksforskola.org\\\/wp-content\\\/uploads\\\/2022\\\/09\\\/Bruksfo\u0308rskolan-ljusare-scaled.jpg\",\"contentUrl\":\"https:\\\/\\\/bruksforskola.org\\\/wp-content\\\/uploads\\\/2022\\\/09\\\/Bruksfo\u0308rskolan-ljusare-scaled.jpg\",\"width\":2560,\"height\":1707},{\"@type\":\"BreadcrumbList\",\"@id\":\"https:\\\/\\\/bruksforskola.org\\\/kontakt\\\/#breadcrumb\",\"itemListElement\":[{\"@type\":\"ListItem\",\"position\":1,\"name\":\"Hem\",\"item\":\"https:\\\/\\\/bruksforskola.org\\\/\"},{\"@type\":\"ListItem\",\"position\":2,\"name\":\"Kontakt\"}]},{\"@type\":\"WebSite\",\"@id\":\"https:\\\/\\\/bruksforskola.org\\\/#website\",\"url\":\"https:\\\/\\\/bruksforskola.org\\\/\",\"name\":\"Bruks F\u00f6rskola\",\"description\":\"\",\"publisher\":{\"@id\":\"https:\\\/\\\/bruksforskola.org\\\/#organization\"},\"potentialAction\":[{\"@type\":\"SearchAction\",\"target\":{\"@type\":\"EntryPoint\",\"urlTemplate\":\"https:\\\/\\\/bruksforskola.org\\\/?s={search_term_string}\"},\"query-input\":{\"@type\":\"PropertyValueSpecification\",\"valueRequired\":true,\"valueName\":\"search_term_string\"}}],\"inLanguage\":\"en-US\"},{\"@type\":\"Organization\",\"@id\":\"https:\\\/\\\/bruksforskola.org\\\/#organization\",\"name\":\"Bruks F\u00f6rskola\",\"url\":\"https:\\\/\\\/bruksforskola.org\\\/\",\"logo\":{\"@type\":\"ImageObject\",\"inLanguage\":\"en-US\",\"@id\":\"https:\\\/\\\/bruksforskola.org\\\/#\\\/schema\\\/logo\\\/image\\\/\",\"url\":\"https:\\\/\\\/bruksforskola.org\\\/\\\/\\\/wp-content\\\/uploads\\\/2022\\\/07\\\/Bruksfo\u0308rskola.png\",\"contentUrl\":\"https:\\\/\\\/bruksforskola.org\\\/\\\/\\\/wp-content\\\/uploads\\\/2022\\\/07\\\/Bruksfo\u0308rskola.png\",\"width\":4961,\"height\":889,\"caption\":\"Bruks F\u00f6rskola\"},\"image\":{\"@id\":\"https:\\\/\\\/bruksforskola.org\\\/#\\\/schema\\\/logo\\\/image\\\/\"},\"sameAs\":[\"https:\\\/\\\/www.facebook.com\\\/Bruks-Frskola-1665745783637465\\\/\",\"https:\\\/\\\/www.instagram.com\\\/bruksforskola\\\/\"]}]}<\/script>\n<!-- \/ Yoast SEO plugin. -->","yoast_head_json":{"title":"Contact - Bruks Preschool","description":"Bruks Preschool in Ursviken&#039;s official website - You can find us at Mekanv\u00e4gen 33 and reach us via 076-007 78 12 lingonberries and 076-030 35 04 blueberries","robots":{"index":"index","follow":"follow","max-snippet":"max-snippet:-1","max-image-preview":"max-image-preview:large","max-video-preview":"max-video-preview:-1"},"canonical":"https:\/\/bruksforskola.org\/en\/kontakt\/","og_locale":"en_US","og_type":"article","og_title":"Kontakt - Bruks F\u00f6rskola","og_description":"Bruks F\u00f6rskola i Ursvikens officiella webbsida - Du hittar oss p\u00e5 Mekanv\u00e4gen 33 och n\u00e5r oss via 076-007 78 12 lingon och 076-030 35 04 bl\u00e5b\u00e4r","og_url":"https:\/\/bruksforskola.org\/en\/kontakt\/","og_site_name":"Bruks F\u00f6rskola","article_publisher":"https:\/\/www.facebook.com\/Bruks-Frskola-1665745783637465\/","article_modified_time":"2024-05-08T12:23:59+00:00","og_image":[{"width":2560,"height":1707,"url":"https:\/\/bruksforskola.org\/wp-content\/uploads\/2022\/09\/Bruksfo\u0308rskolan-ljusare-scaled.jpg","type":"image\/jpeg"}],"twitter_card":"summary_large_image","twitter_misc":{"Est. reading time":"2 minutes"},"schema":{"@context":"https:\/\/schema.org","@graph":[{"@type":"WebPage","@id":"https:\/\/bruksforskola.org\/kontakt\/","url":"https:\/\/bruksforskola.org\/kontakt\/","name":"Contact - Bruks Preschool","isPartOf":{"@id":"https:\/\/bruksforskola.org\/#website"},"primaryImageOfPage":{"@id":"https:\/\/bruksforskola.org\/kontakt\/#primaryimage"},"image":{"@id":"https:\/\/bruksforskola.org\/kontakt\/#primaryimage"},"thumbnailUrl":"https:\/\/bruksforskola.org\/wp-content\/uploads\/2022\/09\/Bruksfo\u0308rskolan-ljusare-scaled.jpg","datePublished":"2016-10-27T20:32:47+00:00","dateModified":"2024-05-08T12:23:59+00:00","description":"Bruks Preschool in Ursviken&#039;s official website - You can find us at Mekanv\u00e4gen 33 and reach us via 076-007 78 12 lingonberries and 076-030 35 04 blueberries","breadcrumb":{"@id":"https:\/\/bruksforskola.org\/kontakt\/#breadcrumb"},"inLanguage":"en-US","potentialAction":[{"@type":"ReadAction","target":["https:\/\/bruksforskola.org\/kontakt\/"]}]},{"@type":"ImageObject","inLanguage":"en-US","@id":"https:\/\/bruksforskola.org\/kontakt\/#primaryimage","url":"https:\/\/bruksforskola.org\/wp-content\/uploads\/2022\/09\/Bruksfo\u0308rskolan-ljusare-scaled.jpg","contentUrl":"https:\/\/bruksforskola.org\/wp-content\/uploads\/2022\/09\/Bruksfo\u0308rskolan-ljusare-scaled.jpg","width":2560,"height":1707},{"@type":"BreadcrumbList","@id":"https:\/\/bruksforskola.org\/kontakt\/#breadcrumb","itemListElement":[{"@type":"ListItem","position":1,"name":"Hem","item":"https:\/\/bruksforskola.org\/"},{"@type":"ListItem","position":2,"name":"Kontakt"}]},{"@type":"WebSite","@id":"https:\/\/bruksforskola.org\/#website","url":"https:\/\/bruksforskola.org\/","name":"Bruks Preschool","description":"","publisher":{"@id":"https:\/\/bruksforskola.org\/#organization"},"potentialAction":[{"@type":"SearchAction","target":{"@type":"EntryPoint","urlTemplate":"https:\/\/bruksforskola.org\/?s={search_term_string}"},"query-input":{"@type":"PropertyValueSpecification","valueRequired":true,"valueName":"search_term_string"}}],"inLanguage":"en-US"},{"@type":"Organization","@id":"https:\/\/bruksforskola.org\/#organization","name":"Bruks Preschool","url":"https:\/\/bruksforskola.org\/","logo":{"@type":"ImageObject","inLanguage":"en-US","@id":"https:\/\/bruksforskola.org\/#\/schema\/logo\/image\/","url":"https:\/\/bruksforskola.org\/\/\/wp-content\/uploads\/2022\/07\/Bruksfo\u0308rskola.png","contentUrl":"https:\/\/bruksforskola.org\/\/\/wp-content\/uploads\/2022\/07\/Bruksfo\u0308rskola.png","width":4961,"height":889,"caption":"Bruks F\u00f6rskola"},"image":{"@id":"https:\/\/bruksforskola.org\/#\/schema\/logo\/image\/"},"sameAs":["https:\/\/www.facebook.com\/Bruks-Frskola-1665745783637465\/","https:\/\/www.instagram.com\/bruksforskola\/"]}]}},"_links":{"self":[{"href":"https:\/\/bruksforskola.org\/en\/wp-json\/wp\/v2\/pages\/21","targetHints":{"allow":["GET"]}}],"collection":[{"href":"https:\/\/bruksforskola.org\/en\/wp-json\/wp\/v2\/pages"}],"about":[{"href":"https:\/\/bruksforskola.org\/en\/wp-json\/wp\/v2\/types\/page"}],"author":[{"embeddable":true,"href":"https:\/\/bruksforskola.org\/en\/wp-json\/wp\/v2\/users\/1"}],"replies":[{"embeddable":true,"href":"https:\/\/bruksforskola.org\/en\/wp-json\/wp\/v2\/comments?post=21"}],"version-history":[{"count":5,"href":"https:\/\/bruksforskola.org\/en\/wp-json\/wp\/v2\/pages\/21\/revisions"}],"predecessor-version":[{"id":533,"href":"https:\/\/bruksforskola.org\/en\/wp-json\/wp\/v2\/pages\/21\/revisions\/533"}],"wp:featuredmedia":[{"embeddable":true,"href":"https:\/\/bruksforskola.org\/en\/wp-json\/wp\/v2\/media\/473"}],"wp:attachment":[{"href":"https:\/\/bruksforskola.org\/en\/wp-json\/wp\/v2\/media?parent=21"}],"curies":[{"name":"wp","href":"https:\/\/api.w.org\/{rel}","templated":true}]}}