{"id":15,"date":"2016-10-27T16:57:25","date_gmt":"2016-10-27T16:57:25","guid":{"rendered":"http:\/\/bruksforskola.org\/test\/?page_id=15"},"modified":"2022-11-27T19:22:34","modified_gmt":"2022-11-27T18:22:34","slug":"om-forskolan","status":"publish","type":"page","link":"https:\/\/bruksforskola.org\/en\/om-forskolan\/","title":{"rendered":"About the preschool"},"content":{"rendered":"<p>[et_pb_section fb_built=&#8221;1&#8243; _builder_version=&#8221;4.17.4&#8243; _module_preset=&#8221;default&#8221; global_colors_info=&#8221;{}&#8221;][et_pb_row _builder_version=&#8221;4.17.4&#8243; _module_preset=&#8221;default&#8221; custom_margin=&#8221;-53px|auto||auto||&#8221; global_colors_info=&#8221;{}&#8221;][et_pb_column type=&#8221;4_4&#8243; _builder_version=&#8221;4.17.4&#8243; _module_preset=&#8221;default&#8221; global_colors_info=&#8221;{}&#8221;][et_pb_text _builder_version=&#8221;4.17.6&#8243; _module_preset=&#8221;default&#8221; text_font=&#8221;Rubik|700|||||||&#8221; text_text_color=&#8221;#AF0B00&#8243; text_font_size=&#8221;40px&#8221; text_orientation=&#8221;center&#8221; animation_style=&#8221;slide&#8221; animation_direction=&#8221;bottom&#8221; animation_intensity_slide=&#8221;1%&#8221; global_colors_info=&#8221;{}&#8221;]<\/p>\n<p>Om f\u00f6rskolan<\/p>\n<p>[\/et_pb_text][et_pb_divider _builder_version=&#8221;4.17.4&#8243; _module_preset=&#8221;5d230329-ad69-455d-bf43-7188b8fe535b&#8221; custom_margin=&#8221;||-23px|||&#8221; global_colors_info=&#8221;{}&#8221;][\/et_pb_divider][\/et_pb_column][\/et_pb_row][et_pb_row column_structure=&#8221;1_2,1_2&#8243; _builder_version=&#8221;4.17.4&#8243; _module_preset=&#8221;default&#8221; custom_margin=&#8221;-17px|auto||auto||&#8221; global_colors_info=&#8221;{}&#8221;][et_pb_column type=&#8221;1_2&#8243; _builder_version=&#8221;4.17.4&#8243; _module_preset=&#8221;default&#8221; global_colors_info=&#8221;{}&#8221;][et_pb_image src=&#8221;https:\/\/bruksforskola.org\/\/\/wp-content\/uploads\/2022\/07\/Bruksfo\u0308rskola.png&#8221; title_text=&#8221;Bruks F\u00f6rskola&#8221; _builder_version=&#8221;4.17.6&#8243; _module_preset=&#8221;0e874fe3-9c9d-4d88-9f5d-236dec372d96&#8243; global_colors_info=&#8221;{}&#8221;][\/et_pb_image][et_pb_text _builder_version=&#8221;4.19.1&#8243; _module_preset=&#8221;default&#8221; animation_style=&#8221;zoom&#8221; animation_intensity_zoom=&#8221;10%&#8221; hover_enabled=&#8221;0&#8243; global_colors_info=&#8221;{}&#8221; content_last_edited=&#8221;off|desktop&#8221; sticky_enabled=&#8221;0&#8243;]<\/p>\n<p>Vi \u00e4r en frif\u00f6rskola f\u00f6r barn i \u00e5ldern 1-5 \u00e5r. I verksamheten har vi runt 30 barn. De \u00e4r indelade i tv\u00e5 \u00e5ldersblandade grupper som heter Bl\u00e5b\u00e4r och Lingon. De sm\u00e5 grupperna g\u00f6r det m\u00f6jligt att m\u00f6ta och uppm\u00e4rksamma varje enskilt barn. Det g\u00f6r det ocks\u00e5 l\u00e4ttare att bygga upp ett n\u00e4ra och f\u00f6rtroligt samarbete med f\u00f6r\u00e4ldrarna.<\/p>\n<p>V\u00e5r f\u00f6rskola k\u00e4nnetecknas av att varje barn\u00a0blir sedd f\u00f6r den man \u00e4r. Barnen f\u00e5r utvecklas socialt i en atmosf\u00e4r som genomsyras av trygghet, gemenskap och omsorg. <span>H\u00e4r arbetar engagerade pedagoger som utmanar och stimulerar barnens l\u00e4rande.<\/span><\/p>\n<p>V\u00e5r f\u00f6rskola f\u00f6ljer samma l\u00e4roplan som \u00f6vriga f\u00f6rskolor i kommunen och v\u00e5r verksamhet h\u00e5lls samman av en v\u00e4rdegrund, byggd utifr\u00e5n tre omr\u00e5den som vi prioriterar:<\/p>\n<p>[\/et_pb_text][\/et_pb_column][et_pb_column type=&#8221;1_2&#8243; _builder_version=&#8221;4.17.4&#8243; _module_preset=&#8221;default&#8221; global_colors_info=&#8221;{}&#8221;][et_pb_video src=&#8221;https:\/\/bruksforskola.org\/\/\/wp-content\/uploads\/2022\/07\/Video-by-bruksforskola.mp4&#8243; _builder_version=&#8221;4.17.6&#8243; _module_preset=&#8221;default&#8221; animation_style=&#8221;zoom&#8221; animation_intensity_zoom=&#8221;10%&#8221; border_radii=&#8221;on|10px|10px|10px|10px&#8221; global_colors_info=&#8221;{}&#8221;][\/et_pb_video][\/et_pb_column][\/et_pb_row][\/et_pb_section][et_pb_section fb_built=&#8221;1&#8243; disabled_on=&#8221;off|off|off&#8221; _builder_version=&#8221;4.17.6&#8243; _module_preset=&#8221;default&#8221; background_image=&#8221;https:\/\/bruksforskola.org\/\/\/wp-content\/uploads\/2022\/07\/BF1-scaled.jpg&#8221; parallax=&#8221;on&#8221; parallax_method=&#8221;off&#8221; width_tablet=&#8221;&#8221; width_phone=&#8221;&#8221; width_last_edited=&#8221;on|tablet&#8221; min_height=&#8221;581px&#8221; min_height_tablet=&#8221;400px&#8221; min_height_phone=&#8221;201px&#8221; min_height_last_edited=&#8221;on|desktop&#8221; top_divider_style_tablet=&#8221;none&#8221; top_divider_style_phone=&#8221;none&#8221; top_divider_style_last_edited=&#8221;on|desktop&#8221; background_last_edited=&#8221;on|desktop&#8221; parallax_tablet=&#8221;off&#8221; parallax_phone=&#8221;off&#8221; global_colors_info=&#8221;{}&#8221;][et_pb_row _builder_version=&#8221;4.17.4&#8243; _module_preset=&#8221;default&#8221; width=&#8221;67.7%&#8221; global_colors_info=&#8221;{}&#8221;][et_pb_column type=&#8221;4_4&#8243; _builder_version=&#8221;4.17.4&#8243; _module_preset=&#8221;default&#8221; global_colors_info=&#8221;{}&#8221;][et_pb_text content_tablet=&#8221;<\/p>\n<p>En f\u00f6rskola d\u00e4r barnen f\u00e5r v\u00e4xa i kunskap, kreativitet och ansvar<\/p>\n<p>&#8221; content_phone=&#8221;<\/p>\n<p>En f\u00f6rskola d\u00e4r barnen f\u00e5r v\u00e4xa i kunskap, kreativitet och ansvar<\/p>\n<p>&#8221; content_last_edited=&#8221;on|desktop&#8221; _builder_version=&#8221;4.17.6&#8243; _module_preset=&#8221;default&#8221; text_font=&#8221;Rubik|700|||||||&#8221; text_text_color=&#8221;#FFFFFF&#8221; text_font_size=&#8221;52px&#8221; text_line_height=&#8221;1em&#8221; background_color=&#8221;rgba(0,0,0,0.4)&#8221; transform_scale=&#8221;118%|118%&#8221; text_orientation=&#8221;center&#8221; min_height=&#8221;100px&#8221; min_height_tablet=&#8221;100px&#8221; min_height_phone=&#8221;100px&#8221; min_height_last_edited=&#8221;on|desktop&#8221; custom_margin=&#8221;140px||||false|false&#8221; custom_margin_tablet=&#8221;40px||||false|false&#8221; custom_margin_phone=&#8221;0px||||false|false&#8221; custom_margin_last_edited=&#8221;on|tablet&#8221; custom_padding=&#8221;15px||15px||true|false&#8221; custom_padding_tablet=&#8221;15px|10px|15px|10px|true|true&#8221; custom_padding_phone=&#8221;10px|10px|10px|10px|true|true&#8221; custom_padding_last_edited=&#8221;on|phone&#8221; text_font_size_tablet=&#8221;34px&#8221; text_font_size_phone=&#8221;24px&#8221; text_font_size_last_edited=&#8221;on|phone&#8221; text_line_height_tablet=&#8221;1.1em&#8221; text_line_height_phone=&#8221;1.1em&#8221; text_line_height_last_edited=&#8221;on|desktop&#8221; header_font_size_last_edited=&#8221;off|desktop&#8221; border_radii=&#8221;on|10px|10px|10px|10px&#8221; global_colors_info=&#8221;{}&#8221; transform_styles__hover_enabled=&#8221;on|hover&#8221; transform_scale__hover_enabled=&#8221;on|hover&#8221; transform_translate__hover_enabled=&#8221;on|desktop&#8221; transform_rotate__hover_enabled=&#8221;on|desktop&#8221; transform_skew__hover_enabled=&#8221;on|desktop&#8221; transform_origin__hover_enabled=&#8221;on|desktop&#8221; transform_scale__hover=&#8221;118%|118%&#8221; max_width__hover_enabled=&#8221;on|hover&#8221; header_font_size__hover_enabled=&#8221;on|desktop&#8221;]<\/p>\n<p>En f\u00f6rskola d\u00e4r barnen f\u00e5r v\u00e4xa i kunskap, kreativitet och ansvar<\/p>\n<p>[\/et_pb_text][\/et_pb_column][\/et_pb_row][\/et_pb_section][et_pb_section fb_built=&#8221;1&#8243; _builder_version=&#8221;4.17.4&#8243; _module_preset=&#8221;default&#8221; min_height=&#8221;431.2px&#8221; global_colors_info=&#8221;{}&#8221;][et_pb_row column_structure=&#8221;1_3,1_3,1_3&#8243; _builder_version=&#8221;4.17.4&#8243; _module_preset=&#8221;default&#8221; global_colors_info=&#8221;{}&#8221;][et_pb_column type=&#8221;1_3&#8243; _builder_version=&#8221;4.17.4&#8243; _module_preset=&#8221;default&#8221; global_colors_info=&#8221;{}&#8221;][et_pb_blurb title=&#8221;Kunskap&#8221; image=&#8221;https:\/\/bruksforskola.org\/\/\/wp-content\/uploads\/2022\/07\/BF12-scaled.jpg&#8221; _builder_version=&#8221;4.17.6&#8243; _module_preset=&#8221;34b57764-2b4a-46e2-b548-d470470d792d&#8221; animation=&#8221;off&#8221; border_radii_image=&#8221;on|10px|10px|10px|10px&#8221; global_colors_info=&#8221;{}&#8221;]<\/p>\n<p><span>Barn l\u00e4r sig p\u00e5 olika s\u00e4tt, genom att lyssna, se, k\u00e4nna och uppt\u00e4cka med olika sinnen. Varje barn har unika f\u00f6ruts\u00e4ttningar. F\u00f6rskolan ska ge varje barn m\u00f6jlighet att ta tillvara och utveckla sina f\u00f6rm\u00e5gor tillsammans med andra barn och vuxna. En varierad pedagogik ska genomsyra verksamheten.<\/span><\/p>\n<p>[\/et_pb_blurb][\/et_pb_column][et_pb_column type=&#8221;1_3&#8243; _builder_version=&#8221;4.17.4&#8243; _module_preset=&#8221;default&#8221; global_colors_info=&#8221;{}&#8221;][et_pb_blurb title=&#8221;Kreativitet&#8221; image=&#8221;https:\/\/bruksforskola.org\/\/\/wp-content\/uploads\/2022\/07\/BF25-scaled.jpg&#8221; _builder_version=&#8221;4.17.6&#8243; _module_preset=&#8221;34b57764-2b4a-46e2-b548-d470470d792d&#8221; animation=&#8221;off&#8221; border_radii_image=&#8221;on|10px|10px|10px|10px&#8221; global_colors_info=&#8221;{}&#8221;]<\/p>\n<p><span>Kreativitet finns hos varje barn och v\u00e5r uppgift \u00e4r att v\u00e4cka en nyfikenhet och uppmuntra den inneboende skaparf\u00f6rm\u00e5gan. Vi utvecklar barnets egna uttrycks\u00e4tt och kreativa f\u00f6rm\u00e5ga genom att erbjuda aktiviteter som skapande, drama, s\u00e5ng, dans och r\u00f6relse. Vi vill erbjuda en stimulerande milj\u00f6 som lockar till lek och kreativt utforskande s\u00e5v\u00e4l inomhus som utomhus. Pedagogerna \u00e4r \u201dmed-uppt\u00e4ckare\u201d och \u00e4r lyh\u00f6rda f\u00f6r barnens fantasi, nyfikenhet, tankar och intressen. V\u00e5rt material \u00e4r tillg\u00e4ngligt och v\u00e4l synligt s\u00e5 att barnen sj\u00e4lva kan ta initiativ till sitt skapande.<\/span><\/p>\n<p>[\/et_pb_blurb][\/et_pb_column][et_pb_column type=&#8221;1_3&#8243; _builder_version=&#8221;4.17.4&#8243; _module_preset=&#8221;default&#8221; global_colors_info=&#8221;{}&#8221;][et_pb_blurb title=&#8221;Ansvar&#8221; image=&#8221;https:\/\/bruksforskola.org\/\/\/wp-content\/uploads\/2022\/07\/BF29-scaled.jpg&#8221; _builder_version=&#8221;4.19.1&#8243; _module_preset=&#8221;34b57764-2b4a-46e2-b548-d470470d792d&#8221; animation=&#8221;off&#8221; hover_enabled=&#8221;0&#8243; border_radii_image=&#8221;on|10px|10px|10px|10px&#8221; global_colors_info=&#8221;{}&#8221; sticky_enabled=&#8221;0&#8243;]<\/p>\n<p><span>Barn kan- barn vill. Vi vill uppmuntra barnen till sj\u00e4lvst\u00e4ndighet och tilltro till sin egen f\u00f6rm\u00e5ga genom att de f\u00e5r \u00f6va sin sj\u00e4lvst\u00e4ndighet under dagen. Alla barn ska f\u00e5 k\u00e4nna sig delaktiga i verksamheten genom att f\u00e5 m\u00f6jlighet att p\u00e5verka och uttrycka sina tankar. Att se konsekvenser av sina handlingar \u00e4r viktigt i det dagliga samspelet med andra barn, men ocks\u00e5 med de vuxna p\u00e5 f\u00f6rskolan. Pedagogerna finns n\u00e4ra barnen i leken f\u00f6r att st\u00f6dja det sociala samspelet. Gemensamt best\u00e4mmer vi trivselregler som alla f\u00e5r ansvar att f\u00f6lja.\u00a0Vi samtalar om vikten av att vara en bra kompis, vi g\u00f6r bes\u00f6k hos \u00e4ldre m\u00e4nniskor och har st\u00f6djande arbete med v\u00e5rt fadderbarn. Att vara medm\u00e4nniska handlar om att s\u00e4tta sig in i andra m\u00e4nniskors situation i sin n\u00e4rhet, men ocks\u00e5 i samh\u00e4llet och \u00f6vriga v\u00e4rlden.<br \/>Vi vuxna m\u00f6ter barnen med respekt och f\u00f6rs\u00f6ker vara goda f\u00f6rebilder.<\/span><\/p>\n<p>[\/et_pb_blurb][\/et_pb_column][\/et_pb_row][\/et_pb_section]<\/p>\n","protected":false},"excerpt":{"rendered":"<p>Om f\u00f6rskolanVi \u00e4r en frif\u00f6rskola f\u00f6r barn i \u00e5ldern 1-5 \u00e5r. I verksamheten har vi runt 30 barn. De \u00e4r indelade i tv\u00e5 \u00e5ldersblandade grupper som heter Bl\u00e5b\u00e4r och Lingon. De sm\u00e5 grupperna g\u00f6r det m\u00f6jligt att m\u00f6ta och uppm\u00e4rksamma varje enskilt barn. Det g\u00f6r det ocks\u00e5 l\u00e4ttare att bygga upp ett n\u00e4ra och f\u00f6rtroligt [&hellip;]<\/p>\n","protected":false},"author":1,"featured_media":411,"parent":0,"menu_order":0,"comment_status":"closed","ping_status":"closed","template":"","meta":{"_et_pb_use_builder":"on","_et_pb_old_content":"","_et_gb_content_width":"","footnotes":""},"class_list":["post-15","page","type-page","status-publish","has-post-thumbnail","hentry"],"yoast_head":"<!-- This site is optimized with the Yoast SEO plugin v27.4 - https:\/\/yoast.com\/product\/yoast-seo-wordpress\/ -->\n<title>Om f\u00f6rskolan - Bruks F\u00f6rskola<\/title>\n<meta name=\"description\" content=\"Bruks F\u00f6rskola i Ursvikens officiella webbsida - Vi \u00e4r en frif\u00f6rskola f\u00f6r \u00e5ldern 1-5 \u00e5r d\u00e4r barnen f\u00e5r v\u00e4xa i kunskap, kreativitet och ansvar\" \/>\n<meta name=\"robots\" content=\"index, follow, max-snippet:-1, max-image-preview:large, max-video-preview:-1\" \/>\n<link rel=\"canonical\" href=\"https:\/\/bruksforskola.org\/en\/om-forskolan\/\" \/>\n<meta property=\"og:locale\" content=\"en_US\" \/>\n<meta property=\"og:type\" content=\"article\" \/>\n<meta property=\"og:title\" content=\"Om f\u00f6rskolan - Bruks F\u00f6rskola\" \/>\n<meta property=\"og:description\" content=\"Bruks F\u00f6rskola i Ursvikens officiella webbsida - Vi \u00e4r en frif\u00f6rskola f\u00f6r \u00e5ldern 1-5 \u00e5r d\u00e4r barnen f\u00e5r v\u00e4xa i kunskap, kreativitet och ansvar\" \/>\n<meta property=\"og:url\" content=\"https:\/\/bruksforskola.org\/en\/om-forskolan\/\" \/>\n<meta property=\"og:site_name\" content=\"Bruks F\u00f6rskola\" \/>\n<meta property=\"article:publisher\" content=\"https:\/\/www.facebook.com\/Bruks-Frskola-1665745783637465\/\" \/>\n<meta property=\"article:modified_time\" content=\"2022-11-27T18:22:34+00:00\" \/>\n<meta property=\"og:image\" content=\"https:\/\/bruksforskola.org\/wp-content\/uploads\/2022\/07\/BF28-scaled.jpg\" \/>\n\t<meta property=\"og:image:width\" content=\"2560\" \/>\n\t<meta property=\"og:image:height\" content=\"1707\" \/>\n\t<meta property=\"og:image:type\" content=\"image\/jpeg\" \/>\n<meta name=\"twitter:card\" content=\"summary_large_image\" \/>\n<meta name=\"twitter:label1\" content=\"Est. reading time\" \/>\n\t<meta name=\"twitter:data1\" content=\"4 minutes\" \/>\n<script type=\"application\/ld+json\" class=\"yoast-schema-graph\">{\"@context\":\"https:\\\/\\\/schema.org\",\"@graph\":[{\"@type\":\"WebPage\",\"@id\":\"https:\\\/\\\/bruksforskola.org\\\/om-forskolan\\\/\",\"url\":\"https:\\\/\\\/bruksforskola.org\\\/om-forskolan\\\/\",\"name\":\"Om f\u00f6rskolan - Bruks F\u00f6rskola\",\"isPartOf\":{\"@id\":\"https:\\\/\\\/bruksforskola.org\\\/#website\"},\"primaryImageOfPage\":{\"@id\":\"https:\\\/\\\/bruksforskola.org\\\/om-forskolan\\\/#primaryimage\"},\"image\":{\"@id\":\"https:\\\/\\\/bruksforskola.org\\\/om-forskolan\\\/#primaryimage\"},\"thumbnailUrl\":\"https:\\\/\\\/bruksforskola.org\\\/wp-content\\\/uploads\\\/2022\\\/07\\\/BF28-scaled.jpg\",\"datePublished\":\"2016-10-27T16:57:25+00:00\",\"dateModified\":\"2022-11-27T18:22:34+00:00\",\"description\":\"Bruks F\u00f6rskola i Ursvikens officiella webbsida - Vi \u00e4r en frif\u00f6rskola f\u00f6r \u00e5ldern 1-5 \u00e5r d\u00e4r barnen f\u00e5r v\u00e4xa i kunskap, kreativitet och ansvar\",\"breadcrumb\":{\"@id\":\"https:\\\/\\\/bruksforskola.org\\\/om-forskolan\\\/#breadcrumb\"},\"inLanguage\":\"en-US\",\"potentialAction\":[{\"@type\":\"ReadAction\",\"target\":[\"https:\\\/\\\/bruksforskola.org\\\/om-forskolan\\\/\"]}]},{\"@type\":\"ImageObject\",\"inLanguage\":\"en-US\",\"@id\":\"https:\\\/\\\/bruksforskola.org\\\/om-forskolan\\\/#primaryimage\",\"url\":\"https:\\\/\\\/bruksforskola.org\\\/wp-content\\\/uploads\\\/2022\\\/07\\\/BF28-scaled.jpg\",\"contentUrl\":\"https:\\\/\\\/bruksforskola.org\\\/wp-content\\\/uploads\\\/2022\\\/07\\\/BF28-scaled.jpg\",\"width\":2560,\"height\":1707},{\"@type\":\"BreadcrumbList\",\"@id\":\"https:\\\/\\\/bruksforskola.org\\\/om-forskolan\\\/#breadcrumb\",\"itemListElement\":[{\"@type\":\"ListItem\",\"position\":1,\"name\":\"Hem\",\"item\":\"https:\\\/\\\/bruksforskola.org\\\/\"},{\"@type\":\"ListItem\",\"position\":2,\"name\":\"Om f\u00f6rskolan\"}]},{\"@type\":\"WebSite\",\"@id\":\"https:\\\/\\\/bruksforskola.org\\\/#website\",\"url\":\"https:\\\/\\\/bruksforskola.org\\\/\",\"name\":\"Bruks F\u00f6rskola\",\"description\":\"\",\"publisher\":{\"@id\":\"https:\\\/\\\/bruksforskola.org\\\/#organization\"},\"potentialAction\":[{\"@type\":\"SearchAction\",\"target\":{\"@type\":\"EntryPoint\",\"urlTemplate\":\"https:\\\/\\\/bruksforskola.org\\\/?s={search_term_string}\"},\"query-input\":{\"@type\":\"PropertyValueSpecification\",\"valueRequired\":true,\"valueName\":\"search_term_string\"}}],\"inLanguage\":\"en-US\"},{\"@type\":\"Organization\",\"@id\":\"https:\\\/\\\/bruksforskola.org\\\/#organization\",\"name\":\"Bruks F\u00f6rskola\",\"url\":\"https:\\\/\\\/bruksforskola.org\\\/\",\"logo\":{\"@type\":\"ImageObject\",\"inLanguage\":\"en-US\",\"@id\":\"https:\\\/\\\/bruksforskola.org\\\/#\\\/schema\\\/logo\\\/image\\\/\",\"url\":\"https:\\\/\\\/bruksforskola.org\\\/\\\/\\\/wp-content\\\/uploads\\\/2022\\\/07\\\/Bruksfo\u0308rskola.png\",\"contentUrl\":\"https:\\\/\\\/bruksforskola.org\\\/\\\/\\\/wp-content\\\/uploads\\\/2022\\\/07\\\/Bruksfo\u0308rskola.png\",\"width\":4961,\"height\":889,\"caption\":\"Bruks F\u00f6rskola\"},\"image\":{\"@id\":\"https:\\\/\\\/bruksforskola.org\\\/#\\\/schema\\\/logo\\\/image\\\/\"},\"sameAs\":[\"https:\\\/\\\/www.facebook.com\\\/Bruks-Frskola-1665745783637465\\\/\",\"https:\\\/\\\/www.instagram.com\\\/bruksforskola\\\/\"]}]}<\/script>\n<!-- \/ Yoast SEO plugin. -->","yoast_head_json":{"title":"About the preschool - Bruks Preschool","description":"Bruks Preschool in Ursviken&#039;s official website - We are a free preschool for ages 1-5 where children can grow in knowledge, creativity and responsibility.","robots":{"index":"index","follow":"follow","max-snippet":"max-snippet:-1","max-image-preview":"max-image-preview:large","max-video-preview":"max-video-preview:-1"},"canonical":"https:\/\/bruksforskola.org\/en\/om-forskolan\/","og_locale":"en_US","og_type":"article","og_title":"Om f\u00f6rskolan - Bruks F\u00f6rskola","og_description":"Bruks F\u00f6rskola i Ursvikens officiella webbsida - Vi \u00e4r en frif\u00f6rskola f\u00f6r \u00e5ldern 1-5 \u00e5r d\u00e4r barnen f\u00e5r v\u00e4xa i kunskap, kreativitet och ansvar","og_url":"https:\/\/bruksforskola.org\/en\/om-forskolan\/","og_site_name":"Bruks F\u00f6rskola","article_publisher":"https:\/\/www.facebook.com\/Bruks-Frskola-1665745783637465\/","article_modified_time":"2022-11-27T18:22:34+00:00","og_image":[{"width":2560,"height":1707,"url":"https:\/\/bruksforskola.org\/wp-content\/uploads\/2022\/07\/BF28-scaled.jpg","type":"image\/jpeg"}],"twitter_card":"summary_large_image","twitter_misc":{"Est. reading time":"4 minutes"},"schema":{"@context":"https:\/\/schema.org","@graph":[{"@type":"WebPage","@id":"https:\/\/bruksforskola.org\/om-forskolan\/","url":"https:\/\/bruksforskola.org\/om-forskolan\/","name":"About the preschool - Bruks Preschool","isPartOf":{"@id":"https:\/\/bruksforskola.org\/#website"},"primaryImageOfPage":{"@id":"https:\/\/bruksforskola.org\/om-forskolan\/#primaryimage"},"image":{"@id":"https:\/\/bruksforskola.org\/om-forskolan\/#primaryimage"},"thumbnailUrl":"https:\/\/bruksforskola.org\/wp-content\/uploads\/2022\/07\/BF28-scaled.jpg","datePublished":"2016-10-27T16:57:25+00:00","dateModified":"2022-11-27T18:22:34+00:00","description":"Bruks Preschool in Ursviken&#039;s official website - We are a free preschool for ages 1-5 where children can grow in knowledge, creativity and responsibility.","breadcrumb":{"@id":"https:\/\/bruksforskola.org\/om-forskolan\/#breadcrumb"},"inLanguage":"en-US","potentialAction":[{"@type":"ReadAction","target":["https:\/\/bruksforskola.org\/om-forskolan\/"]}]},{"@type":"ImageObject","inLanguage":"en-US","@id":"https:\/\/bruksforskola.org\/om-forskolan\/#primaryimage","url":"https:\/\/bruksforskola.org\/wp-content\/uploads\/2022\/07\/BF28-scaled.jpg","contentUrl":"https:\/\/bruksforskola.org\/wp-content\/uploads\/2022\/07\/BF28-scaled.jpg","width":2560,"height":1707},{"@type":"BreadcrumbList","@id":"https:\/\/bruksforskola.org\/om-forskolan\/#breadcrumb","itemListElement":[{"@type":"ListItem","position":1,"name":"Hem","item":"https:\/\/bruksforskola.org\/"},{"@type":"ListItem","position":2,"name":"Om f\u00f6rskolan"}]},{"@type":"WebSite","@id":"https:\/\/bruksforskola.org\/#website","url":"https:\/\/bruksforskola.org\/","name":"Bruks Preschool","description":"","publisher":{"@id":"https:\/\/bruksforskola.org\/#organization"},"potentialAction":[{"@type":"SearchAction","target":{"@type":"EntryPoint","urlTemplate":"https:\/\/bruksforskola.org\/?s={search_term_string}"},"query-input":{"@type":"PropertyValueSpecification","valueRequired":true,"valueName":"search_term_string"}}],"inLanguage":"en-US"},{"@type":"Organization","@id":"https:\/\/bruksforskola.org\/#organization","name":"Bruks Preschool","url":"https:\/\/bruksforskola.org\/","logo":{"@type":"ImageObject","inLanguage":"en-US","@id":"https:\/\/bruksforskola.org\/#\/schema\/logo\/image\/","url":"https:\/\/bruksforskola.org\/\/\/wp-content\/uploads\/2022\/07\/Bruksfo\u0308rskola.png","contentUrl":"https:\/\/bruksforskola.org\/\/\/wp-content\/uploads\/2022\/07\/Bruksfo\u0308rskola.png","width":4961,"height":889,"caption":"Bruks F\u00f6rskola"},"image":{"@id":"https:\/\/bruksforskola.org\/#\/schema\/logo\/image\/"},"sameAs":["https:\/\/www.facebook.com\/Bruks-Frskola-1665745783637465\/","https:\/\/www.instagram.com\/bruksforskola\/"]}]}},"_links":{"self":[{"href":"https:\/\/bruksforskola.org\/en\/wp-json\/wp\/v2\/pages\/15","targetHints":{"allow":["GET"]}}],"collection":[{"href":"https:\/\/bruksforskola.org\/en\/wp-json\/wp\/v2\/pages"}],"about":[{"href":"https:\/\/bruksforskola.org\/en\/wp-json\/wp\/v2\/types\/page"}],"author":[{"embeddable":true,"href":"https:\/\/bruksforskola.org\/en\/wp-json\/wp\/v2\/users\/1"}],"replies":[{"embeddable":true,"href":"https:\/\/bruksforskola.org\/en\/wp-json\/wp\/v2\/comments?post=15"}],"version-history":[{"count":5,"href":"https:\/\/bruksforskola.org\/en\/wp-json\/wp\/v2\/pages\/15\/revisions"}],"predecessor-version":[{"id":491,"href":"https:\/\/bruksforskola.org\/en\/wp-json\/wp\/v2\/pages\/15\/revisions\/491"}],"wp:featuredmedia":[{"embeddable":true,"href":"https:\/\/bruksforskola.org\/en\/wp-json\/wp\/v2\/media\/411"}],"wp:attachment":[{"href":"https:\/\/bruksforskola.org\/en\/wp-json\/wp\/v2\/media?parent=15"}],"curies":[{"name":"wp","href":"https:\/\/api.w.org\/{rel}","templated":true}]}}